{"id":10326,"date":"2026-02-19T07:36:12","date_gmt":"2026-02-19T07:36:12","guid":{"rendered":"https:\/\/wineinthecity.be\/?page_id=10326"},"modified":"2026-03-12T07:45:07","modified_gmt":"2026-03-12T07:45:07","slug":"menu-16-february-2026","status":"publish","type":"page","link":"https:\/\/wineinthecity.be\/en\/menu-16-fevrier-2026\/","title":{"rendered":"Menu 16 February 2026"},"content":{"rendered":"<div class=\"wpb-content-wrapper\"><div class=\"vc_row wpb_row vc_row-fluid edgtf-section menu-align-top vc_row-flex vc_row-o-equal-height vc_row-o-content-top vc_custom_1772227481556 edgtf-content-aligment-left edgtf-grid-section\" style=\"\"><div class=\"clearfix edgtf-section-inner\"><div class=\"edgtf-section-inner-margin clearfix\"><div class=\"menu-align-top wpb_column vc_column_container vc_col-sm-6\"><div class=\"vc_column-inner vc_custom_1772227430412\"><div class=\"wpb_wrapper\">\n\t<div class=\"wpb_text_column wpb_content_element\" >\n\t\t<div class=\"wpb_wrapper\">\n\t\t\t<h2>5-course menu<\/h2>\n<h6>Dinner only<\/h6>\n<p>&nbsp;<\/p>\n<h3>\u20ac 65<\/h3>\n\n\t\t<\/div>\n\t<\/div>\n<div class=\"vc_empty_space\"   style=\"height: 32px\"><span class=\"vc_empty_space_inner\"><\/span><\/div>\n\t<div class=\"wpb_text_column wpb_content_element\" >\n\t\t<div class=\"wpb_wrapper\">\n\t\t\t<h5 data-start=\"196\" data-end=\"225\">TRIO OF STARTERS<\/h5>\n<p data-start=\"226\" data-end=\"300\">Hummus, yellowtail tartar and lemon espuma<br data-start=\"273\" data-end=\"276\" \/>Radishes and fromage frais<\/p>\n<h5 data-start=\"302\" data-end=\"321\">Hot Starter<\/h5>\n<p data-start=\"322\" data-end=\"361\">Perfect egg, kale and celeriac<\/p>\n<h5 data-start=\"363\" data-end=\"376\">FISH<\/h5>\n<p data-start=\"377\" data-end=\"398\">Sea bass, Nantes butter<\/p>\n<h5 data-start=\"400\" data-end=\"412\">MEAT<\/h5>\n<p data-start=\"413\" data-end=\"444\">Veal, sun-dried tomato and sesame seeds<\/p>\n<h5 data-start=\"446\" data-end=\"459\">DESSERT<\/h5>\n<p data-start=\"460\" data-end=\"486\">Pear, chocolate, vanilla<\/p>\n\n\t\t<\/div>\n\t<\/div>\n<\/div><\/div><\/div><div class=\"wpb_column vc_column_container vc_col-sm-6\"><div class=\"vc_column-inner\"><div class=\"wpb_wrapper\">\n\t<div class=\"wpb_text_column wpb_content_element\" >\n\t\t<div class=\"wpb_wrapper\">\n\t\t\t<h2>7-course menu<\/h2>\n<h6>Dinner only<\/h6>\n<p>&nbsp;<\/p>\n<h3>\u20ac 85<\/h3>\n\n\t\t<\/div>\n\t<\/div>\n<div class=\"vc_empty_space\"   style=\"height: 32px\"><span class=\"vc_empty_space_inner\"><\/span><\/div>\n\t<div class=\"wpb_text_column wpb_content_element\" >\n\t\t<div class=\"wpb_wrapper\">\n\t\t\t<h5 data-start=\"541\" data-end=\"570\">TRIO OF STARTERS<\/h5>\n<p data-start=\"571\" data-end=\"645\">Hummus, yellowtail tartar and lemon espuma<br data-start=\"618\" data-end=\"621\" \/>Radishes and fromage frais<\/p>\n<h5 data-start=\"647\" data-end=\"659\">Hot Starter<\/h5>\n<p data-start=\"660\" data-end=\"699\">Perfect egg, kale and celeriac<\/p>\n<h5 data-start=\"701\" data-end=\"728\">Starter continued<\/h5>\n<p data-start=\"729\" data-end=\"787\">Beetroot ravioli with fresh goat's cheese<br data-start=\"763\" data-end=\"766\" \/>Piedmont hazelnut<\/p>\n<h5 data-start=\"789\" data-end=\"802\">FISH<\/h5>\n<p data-start=\"803\" data-end=\"824\">Sea bass, Nantes butter<\/p>\n<h5 data-start=\"826\" data-end=\"838\">MEAT<\/h5>\n<p data-start=\"839\" data-end=\"870\">Veal, sun-dried tomato and sesame seeds<\/p>\n<h5 data-start=\"872\" data-end=\"887\">Entremet<\/h5>\n<p data-start=\"888\" data-end=\"926\">Topinambour confit and aged parmesan<\/p>\n<h5 data-start=\"928\" data-end=\"941\">DESSERT<\/h5>\n<p data-start=\"942\" data-end=\"968\">Pear, chocolate, vanilla<\/p>\n\n\t\t<\/div>\n\t<\/div>\n<\/div><\/div><\/div><\/div><\/div><\/div><div class=\"vc_row wpb_row vc_row-fluid edgtf-section vc_custom_1772226672788 edgtf-content-aligment-center edgtf-grid-section\" style=\"\"><div class=\"clearfix edgtf-section-inner\"><div class=\"edgtf-section-inner-margin clearfix\"><div class=\"wpb_column vc_column_container vc_col-sm-12\"><div class=\"vc_column-inner vc_custom_1770883998176\"><div class=\"wpb_wrapper\"><a href=\"https:\/\/wineinthecity.be\/en\/booking\/\" target=\"_self\" style=\"font-weight: 100\" class=\"edgtf-btn edgtf-btn-medium edgtf-btn-solid\"  >\n\t\t\t<span class=\"edgtf-btn-text\" >Reservation<\/span>\n\t\t<\/a>\n<\/div><\/div><\/div><\/div><\/div><\/div><div class=\"vc_row wpb_row vc_row-fluid edgtf-section vc_custom_1771253325518 edgtf-content-aligment-left edgtf-grid-section\" style=\"\"><div class=\"clearfix edgtf-section-inner\"><div class=\"edgtf-section-inner-margin clearfix\"><div class=\"wpb_column vc_column_container vc_col-sm-12\"><div class=\"vc_column-inner vc_custom_1770883998176\"><div class=\"wpb_wrapper\">\n\t<div class=\"wpb_text_column wpb_content_element\" >\n\t\t<div class=\"wpb_wrapper\">\n\t\t\t<h2 data-start=\"89\" data-end=\"166\">Gastronomic menu of the month - Arthur Sabbe's signature experience in Jette<\/h2>\n\n\t\t<\/div>\n\t<\/div>\n<div class=\"vc_empty_space\"   style=\"height: 32px\"><span class=\"vc_empty_space_inner\"><\/span><\/div>\n\t<div class=\"wpb_text_column wpb_content_element\" >\n\t\t<div class=\"wpb_wrapper\">\n\t\t\t<p data-start=\"168\" data-end=\"464\">At <strong data-start=\"170\" data-end=\"190\">Wine in the City<\/strong>, The gourmet menu of the month is much more than just a menu: it's the flagship, the best of the best from Arthur Sabbe. It's a complete culinary experience, conceived as an evolving work of art that changes every month according to the seasons, the market and the chef's inspiration.<\/p>\n<h3 data-start=\"466\" data-end=\"504\">The best of the best from Arthur Sabbe<\/h3>\n<p data-start=\"506\" data-end=\"707\">Every month, Arthur Sabbe puts together a 5 or 7-course tasting menu that showcases his cuisine: precise techniques, carefully selected produce, a balance of power and finesse.<\/p>\n<p data-start=\"709\" data-end=\"929\">Sea bream sashimi, flame-cooked scallops, snacked sea bass, stuffed Malines cuckoo clocks, light desserts...<br data-start=\"818\" data-end=\"821\" \/>Each dish is built around a common thread: the purity of the product and the intensity of the flavours.<\/p>\n<p data-start=\"931\" data-end=\"1057\">This gastronomic menu in Jette is the restaurant's most accomplished experience - the one that reveals the chef's full personality.<\/p>\n<h3 data-start=\"1059\" data-end=\"1114\">Wine and food pairing - the art of bringing out the best in every dish<\/h3>\n<p data-start=\"1116\" data-end=\"1209\">The experience would not be complete without carefully selected food and wine pairings.<\/p>\n<p data-start=\"1211\" data-end=\"1495\">Arthur Sabbe and his team offer a tailor-made wine pairing, designed to accompany each service with precision:<br data-start=\"1330\" data-end=\"1333\" \/>- mineral white wines to reveal iodine and freshness<br data-start=\"1391\" data-end=\"1394\" \/>- elegant reds to enhance full-bodied juices<br data-start=\"1440\" data-end=\"1443\" \/>- daring selections to surprise the palate<\/p>\n<p data-start=\"1497\" data-end=\"1619\">Food and wine pairings turn dinner into a sensory voyage, with each sip prolonging the emotion of the dish.<\/p>\n<h3 data-start=\"1621\" data-end=\"1655\">A menu that changes every month<\/h3>\n<p data-start=\"1657\" data-end=\"1702\">The gourmet menu changes every month.<\/p>\n<p data-start=\"1704\" data-end=\"1743\">This ongoing development guarantees :<\/p>\n<p data-start=\"1745\" data-end=\"1867\">\u2714 seasonal produce<br data-start=\"1769\" data-end=\"1772\" \/>\u2714 renewed creativity<br data-start=\"1799\" data-end=\"1802\" \/>\u2714 a reason to come back and discover the chef's new signature product<\/p>\n<p data-start=\"1869\" data-end=\"1937\">Each visit brings a new interpretation, a new surprise.<\/p>\n<h3 data-start=\"1939\" data-end=\"1997\">A gastronomic experience in Jette - place du Miroir<\/h3>\n<p data-start=\"1999\" data-end=\"2134\">Located in Jette, on the Place du Miroir, <strong data-start=\"2038\" data-end=\"2058\">Wine in the City<\/strong> offers a contemporary, refined and accessible gastronomic experience.<\/p>\n<p data-start=\"2136\" data-end=\"2332\">This month's menu is ideal for :<br data-start=\"2168\" data-end=\"2171\" \/>- a gastronomic dinner in Brussels<br data-start=\"2207\" data-end=\"2210\" \/>- a special occasion<br data-start=\"2233\" data-end=\"2236\" \/>- a culinary experience with wine pairings<br data-start=\"2280\" data-end=\"2283\" \/>- discover Arthur Sabbe's signature cuisine<\/p>\n\n\t\t<\/div>\n\t<\/div>\n<div class=\"vc_empty_space\"   style=\"height: 50px\"><span class=\"vc_empty_space_inner\"><\/span><\/div><a href=\"https:\/\/wineinthecity.be\/en\/booking\/\" target=\"_self\" style=\"font-weight: 100\" class=\"edgtf-btn edgtf-btn-medium edgtf-btn-outline\"  >\n\t\t\t<span class=\"edgtf-btn-text\" >Reservation<\/span>\n\t\t<\/a>\n<\/div><\/div><\/div><\/div><\/div><\/div><div class=\"vc_row wpb_row vc_row-fluid edgtf-section edgtf-content-aligment-left\" style=\"\"><div class=\"clearfix edgtf-full-section-inner\"><div class=\"wpb_column vc_column_container vc_col-sm-12\"><div class=\"vc_column-inner\"><div class=\"wpb_wrapper\"><div class=\"vc_empty_space\"   style=\"height: 95px\"><span class=\"vc_empty_space_inner\"><\/span><\/div><div class=\"edgtf-carousel-holder clearfix\"><div class=\"edgtf-carousel edgtf-slick-slider-navigation-style\" data-items=\"5\" data-arrows-navigation=\"no\" data-dots-navigation=\"yes\"><div class=\"edgtf-carousel-item-holder edgtf-has-hover-image\">\n\t\t<a href=\"https:\/\/guide.michelin.com\/be\/fr\/bruxelles-capitale\/jette\/restaurant\/wine-in-the-city\" target=\"_blank\">\n\t\t\t\t\t\t<span class=\"edgtf-carousel-first-image-holder edgtf-has-hover-image edgtf-image-change\">\n\t\t\t\t<img decoding=\"async\" src=\"https:\/\/wineinthecity.be\/wp-content\/uploads\/2021\/07\/Michelin.png\" alt=\"Michelin Guide\">\n\t\t\t<\/span>\n\t\t\t\t\t\t\t<span class=\"edgtf-carousel-second-image-holder edgtf-has-hover-image edgtf-image-change\">\n\t\t\t\t<img decoding=\"async\" src=\"https:\/\/wineinthecity.be\/wp-content\/uploads\/2021\/07\/etoile-couer-cl.png\" alt=\"Michelin Guide\">\n\t\t\t<\/span>\n\t\t\t\t<\/a>\n\t<\/div><div class=\"edgtf-carousel-item-holder edgtf-has-hover-image\">\n\t\t<a href=\"https:\/\/be.gaultmillau.com\/restaurants\/wine-in-the-city\" target=\"_blank\">\n\t\t\t\t\t\t<span class=\"edgtf-carousel-first-image-holder edgtf-has-hover-image edgtf-image-change\">\n\t\t\t\t<img decoding=\"async\" src=\"https:\/\/wineinthecity.be\/wp-content\/uploads\/2021\/07\/gault-millau1.png\" alt=\"Gault &amp; Millau\">\n\t\t\t<\/span>\n\t\t\t\t\t\t\t<span class=\"edgtf-carousel-second-image-holder edgtf-has-hover-image edgtf-image-change\">\n\t\t\t\t<img decoding=\"async\" src=\"https:\/\/wineinthecity.be\/wp-content\/uploads\/2021\/07\/gault-millau.png\" alt=\"Gault &amp; Millau\">\n\t\t\t<\/span>\n\t\t\t\t<\/a>\n\t<\/div><div class=\"edgtf-carousel-item-holder edgtf-has-hover-image\">\n\t\t<a href=\"https:\/\/www.tripadvisor.fr\/Restaurant_Review-g950784-d2458076-Reviews-Wine_in_the_City-Jette_Brussels.html\" target=\"_blank\">\n\t\t\t\t\t\t<span class=\"edgtf-carousel-first-image-holder edgtf-has-hover-image edgtf-image-change\">\n\t\t\t\t<img decoding=\"async\" src=\"https:\/\/wineinthecity.be\/wp-content\/uploads\/2021\/07\/trip-advisor-bk.png\" alt=\"Tripadvisor\">\n\t\t\t<\/span>\n\t\t\t\t\t\t\t<span class=\"edgtf-carousel-second-image-holder edgtf-has-hover-image edgtf-image-change\">\n\t\t\t\t<img decoding=\"async\" src=\"https:\/\/wineinthecity.be\/wp-content\/uploads\/2021\/07\/trip-advisor-cl.png\" alt=\"Tripadvisor\">\n\t\t\t<\/span>\n\t\t\t\t<\/a>\n\t<\/div><div class=\"edgtf-carousel-item-holder edgtf-has-hover-image\">\n\t\t<a href=\"http:\/\/www.belgianrestaurantsassociation.be\/fr\/restaurants\" target=\"_blank\">\n\t\t\t\t\t\t<span class=\"edgtf-carousel-first-image-holder edgtf-has-hover-image edgtf-image-change\">\n\t\t\t\t<img decoding=\"async\" src=\"https:\/\/wineinthecity.be\/wp-content\/uploads\/2021\/07\/fair-play-bk.png\" alt=\"Fair Play\">\n\t\t\t<\/span>\n\t\t\t\t\t\t\t<span class=\"edgtf-carousel-second-image-holder edgtf-has-hover-image edgtf-image-change\">\n\t\t\t\t<img decoding=\"async\" src=\"https:\/\/wineinthecity.be\/wp-content\/uploads\/2021\/07\/fair-play-cl.png\" alt=\"Fair Play\">\n\t\t\t<\/span>\n\t\t\t\t<\/a>\n\t<\/div><div class=\"edgtf-carousel-item-holder edgtf-has-hover-image\">\n\t\t<a href=\"https:\/\/www.ltgawards.com\/\" target=\"_blank\">\n\t\t\t\t\t\t<span class=\"edgtf-carousel-first-image-holder edgtf-has-hover-image edgtf-image-change\">\n\t\t\t\t<img decoding=\"async\" src=\"https:\/\/wineinthecity.be\/wp-content\/uploads\/2021\/07\/ltg-bk.png\" alt=\"LTG Awards\">\n\t\t\t<\/span>\n\t\t\t\t\t\t\t<span class=\"edgtf-carousel-second-image-holder edgtf-has-hover-image edgtf-image-change\">\n\t\t\t\t<img decoding=\"async\" src=\"https:\/\/wineinthecity.be\/wp-content\/uploads\/2021\/07\/ltg-cl.png\" alt=\"LTG Awards\">\n\t\t\t<\/span>\n\t\t\t\t<\/a>\n\t<\/div><div class=\"edgtf-carousel-item-holder edgtf-has-hover-image\">\n\t\t<a href=\"https:\/\/be.sluurpy.com\/jette\/restaurant\/2253384\/wine-in-the-city\" target=\"_blank\">\n\t\t\t\t\t\t<span class=\"edgtf-carousel-first-image-holder edgtf-has-hover-image edgtf-image-change\">\n\t\t\t\t<img decoding=\"async\" src=\"https:\/\/wineinthecity.be\/wp-content\/uploads\/2022\/06\/bw-mb_recommended_2021-1-e1654843991738.png\" alt=\"Sluurpy\">\n\t\t\t<\/span>\n\t\t\t\t\t\t\t<span class=\"edgtf-carousel-second-image-holder edgtf-has-hover-image edgtf-image-change\">\n\t\t\t\t<img decoding=\"async\" src=\"https:\/\/wineinthecity.be\/wp-content\/uploads\/2022\/06\/mb_recommended_2021-1-e1654844066594.png\" alt=\"Sluurpy\">\n\t\t\t<\/span>\n\t\t\t\t<\/a>\n\t<\/div><\/div><\/div><div class=\"vc_empty_space\"   style=\"height: 95px\"><span class=\"vc_empty_space_inner\"><\/span><\/div><\/div><\/div><\/div><\/div><\/div>\n<\/div>","protected":false},"excerpt":{"rendered":"","protected":false},"author":8,"featured_media":0,"parent":0,"menu_order":0,"comment_status":"closed","ping_status":"closed","template":"full-width.php","meta":{"footnotes":""},"class_list":["post-10326","page","type-page","status-publish","hentry"],"yoast_head":"<!-- This site is optimized with the Yoast SEO Premium plugin v26.9 (Yoast SEO v27.4) - https:\/\/yoast.com\/product\/yoast-seo-premium-wordpress\/ -->\n<title>Menu gastronomique signature \u00e0 Jette \u2013 Wine in the City<\/title>\n<meta name=\"description\" content=\"Le flagship d\u2019Arthur Sabbe : un menu d\u00e9gustation 5 ou 7 services renouvel\u00e9 chaque mois, avec accords mets et vins, \u00e0 Jette \u2013 Bruxelles.\" \/>\n<meta name=\"robots\" content=\"index, follow, max-snippet:-1, max-image-preview:large, max-video-preview:-1\" \/>\n<link rel=\"canonical\" href=\"https:\/\/wineinthecity.be\/en\/menu-16-february-2026\/\" \/>\n<meta property=\"og:locale\" content=\"en_GB\" \/>\n<meta property=\"og:type\" content=\"article\" \/>\n<meta property=\"og:title\" content=\"Menu 16 f\u00e9vrier 2026\" \/>\n<meta property=\"og:description\" content=\"Le flagship d\u2019Arthur Sabbe : un menu d\u00e9gustation 5 ou 7 services renouvel\u00e9 chaque mois, avec accords mets et vins, \u00e0 Jette \u2013 Bruxelles.\" \/>\n<meta property=\"og:url\" content=\"https:\/\/wineinthecity.be\/en\/menu-16-february-2026\/\" \/>\n<meta property=\"og:site_name\" content=\"Wine in the City | Arthur Sabbe\" \/>\n<meta property=\"article:modified_time\" content=\"2026-03-12T07:45:07+00:00\" \/>\n<meta name=\"twitter:card\" content=\"summary_large_image\" \/>\n<meta name=\"twitter:label1\" content=\"Estimated reading time\" \/>\n\t<meta name=\"twitter:data1\" content=\"3 minutes\" \/>\n<script type=\"application\/ld+json\" class=\"yoast-schema-graph\">{\"@context\":\"https:\\\/\\\/schema.org\",\"@graph\":[{\"@type\":\"WebPage\",\"@id\":\"https:\\\/\\\/wineinthecity.be\\\/menu-16-fevrier-2026\\\/\",\"url\":\"https:\\\/\\\/wineinthecity.be\\\/menu-16-fevrier-2026\\\/\",\"name\":\"Menu gastronomique signature \u00e0 Jette \u2013 Wine in the City\",\"isPartOf\":{\"@id\":\"https:\\\/\\\/wineinthecity.be\\\/#website\"},\"datePublished\":\"2026-02-19T07:36:12+00:00\",\"dateModified\":\"2026-03-12T07:45:07+00:00\",\"description\":\"Le flagship d\u2019Arthur Sabbe : un menu d\u00e9gustation 5 ou 7 services renouvel\u00e9 chaque mois, avec accords mets et vins, \u00e0 Jette \u2013 Bruxelles.\",\"breadcrumb\":{\"@id\":\"https:\\\/\\\/wineinthecity.be\\\/menu-16-fevrier-2026\\\/#breadcrumb\"},\"inLanguage\":\"en-GB\",\"potentialAction\":[{\"@type\":\"ReadAction\",\"target\":[\"https:\\\/\\\/wineinthecity.be\\\/menu-16-fevrier-2026\\\/\"]}]},{\"@type\":\"BreadcrumbList\",\"@id\":\"https:\\\/\\\/wineinthecity.be\\\/menu-16-fevrier-2026\\\/#breadcrumb\",\"itemListElement\":[{\"@type\":\"ListItem\",\"position\":1,\"name\":\"Accueil\",\"item\":\"https:\\\/\\\/wineinthecity.be\\\/\"},{\"@type\":\"ListItem\",\"position\":2,\"name\":\"Menu 16 f\u00e9vrier 2026\"}]},{\"@type\":\"WebSite\",\"@id\":\"https:\\\/\\\/wineinthecity.be\\\/#website\",\"url\":\"https:\\\/\\\/wineinthecity.be\\\/\",\"name\":\"Wine in the City | Arthur Sabbe\",\"description\":\"Restaurant Gastronomique &amp; Wine Shop\",\"publisher\":{\"@id\":\"https:\\\/\\\/wineinthecity.be\\\/#organization\"},\"potentialAction\":[{\"@type\":\"SearchAction\",\"target\":{\"@type\":\"EntryPoint\",\"urlTemplate\":\"https:\\\/\\\/wineinthecity.be\\\/?s={search_term_string}\"},\"query-input\":{\"@type\":\"PropertyValueSpecification\",\"valueRequired\":true,\"valueName\":\"search_term_string\"}}],\"inLanguage\":\"en-GB\"},{\"@type\":\"Organization\",\"@id\":\"https:\\\/\\\/wineinthecity.be\\\/#organization\",\"name\":\"Wine in the City SPRL\",\"url\":\"https:\\\/\\\/wineinthecity.be\\\/\",\"logo\":{\"@type\":\"ImageObject\",\"inLanguage\":\"en-GB\",\"@id\":\"https:\\\/\\\/wineinthecity.be\\\/#\\\/schema\\\/logo\\\/image\\\/\",\"url\":\"https:\\\/\\\/wineinthecity.be\\\/wp-content\\\/uploads\\\/2021\\\/07\\\/wine-in-the-city-logo-black-398x300.fw-min.png\",\"contentUrl\":\"https:\\\/\\\/wineinthecity.be\\\/wp-content\\\/uploads\\\/2021\\\/07\\\/wine-in-the-city-logo-black-398x300.fw-min.png\",\"width\":398,\"height\":300,\"caption\":\"Wine in the City SPRL\"},\"image\":{\"@id\":\"https:\\\/\\\/wineinthecity.be\\\/#\\\/schema\\\/logo\\\/image\\\/\"}}]}<\/script>\n<!-- \/ Yoast SEO Premium plugin. -->","yoast_head_json":{"title":"Signature gourmet menu in Jette - Wine in the City","description":"Arthur Sabbe's flagship: a 5- or 7-course tasting menu, with food and wine pairings, renewed every month, in Jette - Brussels.","robots":{"index":"index","follow":"follow","max-snippet":"max-snippet:-1","max-image-preview":"max-image-preview:large","max-video-preview":"max-video-preview:-1"},"canonical":"https:\/\/wineinthecity.be\/en\/menu-16-february-2026\/","og_locale":"en_GB","og_type":"article","og_title":"Menu 16 f\u00e9vrier 2026","og_description":"Le flagship d\u2019Arthur Sabbe : un menu d\u00e9gustation 5 ou 7 services renouvel\u00e9 chaque mois, avec accords mets et vins, \u00e0 Jette \u2013 Bruxelles.","og_url":"https:\/\/wineinthecity.be\/en\/menu-16-february-2026\/","og_site_name":"Wine in the City | Arthur Sabbe","article_modified_time":"2026-03-12T07:45:07+00:00","twitter_card":"summary_large_image","twitter_misc":{"Estimated reading time":"3 minutes"},"schema":{"@context":"https:\/\/schema.org","@graph":[{"@type":"WebPage","@id":"https:\/\/wineinthecity.be\/menu-16-fevrier-2026\/","url":"https:\/\/wineinthecity.be\/menu-16-fevrier-2026\/","name":"Signature gourmet menu in Jette - Wine in the City","isPartOf":{"@id":"https:\/\/wineinthecity.be\/#website"},"datePublished":"2026-02-19T07:36:12+00:00","dateModified":"2026-03-12T07:45:07+00:00","description":"Arthur Sabbe's flagship: a 5- or 7-course tasting menu, with food and wine pairings, renewed every month, in Jette - Brussels.","breadcrumb":{"@id":"https:\/\/wineinthecity.be\/menu-16-fevrier-2026\/#breadcrumb"},"inLanguage":"en-GB","potentialAction":[{"@type":"ReadAction","target":["https:\/\/wineinthecity.be\/menu-16-fevrier-2026\/"]}]},{"@type":"BreadcrumbList","@id":"https:\/\/wineinthecity.be\/menu-16-fevrier-2026\/#breadcrumb","itemListElement":[{"@type":"ListItem","position":1,"name":"Accueil","item":"https:\/\/wineinthecity.be\/"},{"@type":"ListItem","position":2,"name":"Menu 16 f\u00e9vrier 2026"}]},{"@type":"WebSite","@id":"https:\/\/wineinthecity.be\/#website","url":"https:\/\/wineinthecity.be\/","name":"Wine in the City | Arthur Sabbe","description":"Gastronomic Restaurant &amp; Wine Shop","publisher":{"@id":"https:\/\/wineinthecity.be\/#organization"},"potentialAction":[{"@type":"SearchAction","target":{"@type":"EntryPoint","urlTemplate":"https:\/\/wineinthecity.be\/?s={search_term_string}"},"query-input":{"@type":"PropertyValueSpecification","valueRequired":true,"valueName":"search_term_string"}}],"inLanguage":"en-GB"},{"@type":"Organization","@id":"https:\/\/wineinthecity.be\/#organization","name":"Wine in the City SPRL","url":"https:\/\/wineinthecity.be\/","logo":{"@type":"ImageObject","inLanguage":"en-GB","@id":"https:\/\/wineinthecity.be\/#\/schema\/logo\/image\/","url":"https:\/\/wineinthecity.be\/wp-content\/uploads\/2021\/07\/wine-in-the-city-logo-black-398x300.fw-min.png","contentUrl":"https:\/\/wineinthecity.be\/wp-content\/uploads\/2021\/07\/wine-in-the-city-logo-black-398x300.fw-min.png","width":398,"height":300,"caption":"Wine in the City SPRL"},"image":{"@id":"https:\/\/wineinthecity.be\/#\/schema\/logo\/image\/"}}]}},"_links":{"self":[{"href":"https:\/\/wineinthecity.be\/en\/wp-json\/wp\/v2\/pages\/10326","targetHints":{"allow":["GET"]}}],"collection":[{"href":"https:\/\/wineinthecity.be\/en\/wp-json\/wp\/v2\/pages"}],"about":[{"href":"https:\/\/wineinthecity.be\/en\/wp-json\/wp\/v2\/types\/page"}],"author":[{"embeddable":true,"href":"https:\/\/wineinthecity.be\/en\/wp-json\/wp\/v2\/users\/8"}],"replies":[{"embeddable":true,"href":"https:\/\/wineinthecity.be\/en\/wp-json\/wp\/v2\/comments?post=10326"}],"version-history":[{"count":18,"href":"https:\/\/wineinthecity.be\/en\/wp-json\/wp\/v2\/pages\/10326\/revisions"}],"predecessor-version":[{"id":10400,"href":"https:\/\/wineinthecity.be\/en\/wp-json\/wp\/v2\/pages\/10326\/revisions\/10400"}],"wp:attachment":[{"href":"https:\/\/wineinthecity.be\/en\/wp-json\/wp\/v2\/media?parent=10326"}],"curies":[{"name":"wp","href":"https:\/\/api.w.org\/{rel}","templated":true}]}}