{"id":443,"date":"2017-07-07T10:29:14","date_gmt":"2017-07-07T10:29:14","guid":{"rendered":"http:\/\/coyote.edge-themes.com\/?page_id=443"},"modified":"2026-02-28T10:50:14","modified_gmt":"2026-02-28T10:50:14","slug":"contact","status":"publish","type":"page","link":"https:\/\/wineinthecity.be\/en\/contact\/","title":{"rendered":"Contact"},"content":{"rendered":"<div class=\"wpb-content-wrapper\"><div class=\"vc_row wpb_row vc_row-fluid edgtf-section vc_custom_1626444485401 edgtf-content-aligment-left edgtf-grid-section\" style=\"\"><div class=\"clearfix edgtf-section-inner\"><div class=\"edgtf-section-inner-margin clearfix\"><div class=\"wpb_column vc_column_container vc_col-sm-12\"><div class=\"vc_column-inner\"><div class=\"wpb_wrapper\"><div class=\"vc_row wpb_row vc_inner vc_row-fluid edgtf-section vc_custom_1626444560902 edgtf-content-aligment-left\" style=\"\"><div class=\"edgtf-full-section-inner\"><div class=\"wpb_column vc_column_container vc_col-sm-12\"><div class=\"vc_column-inner\"><div class=\"wpb_wrapper\">\n<div class=\"edgtf-section-title edgtf-section-align-left edgtf-underscore-right\" style=\"font-size: 50px\">\n\t<span class=\"edgtf-section-title-inner\">Informations pratiques<\/span>\n<\/div><\/div><\/div><\/div><\/div><\/div><div class=\"vc_row wpb_row vc_inner vc_row-fluid edgtf-section vc_custom_1626444579267 edgtf-content-aligment-left\" style=\"\"><div class=\"edgtf-full-section-inner\"><div class=\"wpb_column vc_column_container vc_col-sm-4\"><div class=\"vc_column-inner\"><div class=\"wpb_wrapper\">\n<div class=\"edgtf-section-title edgtf-section-align-left edgtf-underscore-right\" style=\"color: #000000;font-size: 20px\">\n\t<span class=\"edgtf-section-title-inner\">HEURES D&#039;OUVERTURE<\/span>\n<\/div><div class=\"vc_empty_space\"   style=\"height: 64px\"><span class=\"vc_empty_space_inner\"><\/span><\/div>\n\t<div class=\"wpb_text_column wpb_content_element\" >\n\t\t<div class=\"wpb_wrapper\">\n\t\t\t<p><strong>09.00-16.00 |\u00a0<\/strong><strong>18.00-21.00<br \/>\n<\/strong><em>Ferm\u00e9 les mardi et mercredi<\/em><\/p>\n<p><strong>Commandes sp\u00e9ciales<\/strong><\/p>\n<p>En cas de besoin ou de rupture, les commandes peuvent \u00eatre organis\u00e9es en dehors des heures d\u2019ouverture, sur simple prise de contact au 0475 27 68 15.<\/p>\n\n\t\t<\/div>\n\t<\/div>\n<\/div><\/div><\/div><div class=\"wpb_column vc_column_container vc_col-sm-4\"><div class=\"vc_column-inner\"><div class=\"wpb_wrapper\">\n<div class=\"edgtf-section-title edgtf-section-align-left edgtf-underscore-right\" style=\"color: #000000;font-size: 20px\">\n\t<span class=\"edgtf-section-title-inner\">ADRESSE &amp; ACC\u00c8S<\/span>\n<\/div><div class=\"vc_empty_space\"   style=\"height: 64px\"><span class=\"vc_empty_space_inner\"><\/span><\/div>\n\t<div class=\"wpb_text_column wpb_content_element\" >\n\t\t<div class=\"wpb_wrapper\">\n\t\t\t<p><strong>Notre adresse<\/strong><\/p>\n<p><a href=\"https:\/\/www.google.com\/maps\/place\/Place+Reine+Astrid+34,+1090+Jette\/@50.8721324,4.3220846,17z\/data=!3m1!4b1!4m5!3m4!1s0x47c3c3dd2927668d:0x2e293a21595d652f!8m2!3d50.872129!4d4.3242733\" target=\"_blank\" rel=\"noopener\">\"Le Miroir\"<br \/>\nPlace Reine Astrid 34 | 1090 BRUXELLES<\/a> \u2192<\/p>\n<p><strong>Vous arrivez en voiture ?<\/strong><\/p>\n<p>Rendez-vous au parking \"Miroir\".<br \/>\nLa sortie pi\u00e9ton se trouve en face de nous !<\/p>\n<p>Dans votre GPS, encodez \"Apcoa Parking Miroir\" \u00e0 Jette.<br \/>\nCoordonn\u00e9es GPS : <a href=\"https:\/\/www.google.com\/maps\/place\/APCOA+Parking+Spiegel%2FMiroir+-+Jette\/@50.8720015,4.3219937,17z\/data=!3m1!4b1!4m5!3m4!1s0x47c3c3dcd8e48419:0x8ed52d0defc105bf!8m2!3d50.8719841!4d4.3241329\" target=\"_blank\" rel=\"noopener\">50.8720015, 4.3219937,17<\/a> \u2192<br \/>\nou <a href=\"https:\/\/www.google.com\/maps\/place\/APCOA+Parking+Spiegel%2FMiroir+-+Jette\/@50.8720015,4.3219937,17z\/data=!3m1!4b1!4m5!3m4!1s0x47c3c3dcd8e48419:0x8ed52d0defc105bf!8m2!3d50.8719841!4d4.3241329\" target=\"_blank\" rel=\"noopener\">cliquez ici<\/a> \u2192<\/p>\n\n\t\t<\/div>\n\t<\/div>\n<\/div><\/div><\/div><div class=\"wpb_column vc_column_container vc_col-sm-4\"><div class=\"vc_column-inner\"><div class=\"wpb_wrapper\">\n<div class=\"edgtf-section-title edgtf-section-align-left edgtf-underscore-right\" style=\"color: #000000;font-size: 20px\">\n\t<span class=\"edgtf-section-title-inner\">CONTACT &amp; R\u00c9SERVATION<\/span>\n<\/div><div class=\"vc_empty_space\"   style=\"height: 64px\"><span class=\"vc_empty_space_inner\"><\/span><\/div>\n\t<div class=\"wpb_text_column wpb_content_element\" >\n\t\t<div class=\"wpb_wrapper\">\n\t\t\t<p><strong>R\u00e9servation en ligne<br \/>\n<\/strong>(Restaurant gastronomique uniquement)<\/p>\n<p><a href=\"https:\/\/wineinthecity.be\/reservation\/\">Cliquez ici pour notre module de r\u00e9servation<\/a> \u2192<\/p>\n<p><strong>Par t\u00e9l\u00e9phone<\/strong><\/p>\n<p><a href=\"tel:+3224200920\">02 420 09 20<\/a> \u2192<\/p>\n<p><strong>Par email<\/strong><\/p>\n<p>Utilisez le formulaire ci-dessous<\/p>\n\n\t\t<\/div>\n\t<\/div>\n<\/div><\/div><\/div><\/div><\/div><\/div><\/div><\/div><\/div><\/div><\/div><div class=\"vc_row wpb_row vc_row-fluid edgtf-section vc_custom_1500539719634 edgtf-content-aligment-left edgtf-grid-section\" style=\"\"><div class=\"clearfix edgtf-section-inner\"><div class=\"edgtf-section-inner-margin clearfix\"><div class=\"wpb_column vc_column_container vc_col-sm-12 vc_col-md-6\"><div class=\"vc_column-inner\"><div class=\"wpb_wrapper\"><div class=\"vc_empty_space\"   style=\"height: 32px\"><span class=\"vc_empty_space_inner\"><\/span><\/div><style id=\"wpforms-css-vars-10379\">\n\t\t\t\t#wpforms-10379 {\n\t\t\t\t--wpforms-container-padding: 0px;\n--wpforms-container-border-width: 1px;\n--wpforms-container-border-radius: 3px;\n--wpforms-background-color: rgba(0, 0, 0, 0);\n--wpforms-field-size-input-height: 43px;\n--wpforms-field-size-input-spacing: 15px;\n--wpforms-field-size-font-size: 16px;\n--wpforms-field-size-line-height: 19px;\n--wpforms-field-size-padding-h: 14px;\n--wpforms-field-size-checkbox-size: 16px;\n--wpforms-field-size-sublabel-spacing: 5px;\n--wpforms-field-size-icon-size: 1;\n--wpforms-label-size-font-size: 16px;\n--wpforms-label-size-line-height: 19px;\n--wpforms-label-size-sublabel-font-size: 14px;\n--wpforms-label-size-sublabel-line-height: 17px;\n--wpforms-button-size-font-size: 17px;\n--wpforms-button-size-height: 41px;\n--wpforms-button-size-padding-h: 15px;\n--wpforms-button-size-margin-top: 10px;\n--wpforms-container-shadow-size-box-shadow: none;\n\t\t\t}\n\t\t\t<\/style><div class=\"wpforms-container wpforms-container-full wpforms-render-modern\" id=\"wpforms-10379\"><form id=\"wpforms-form-10379\" class=\"wpforms-validate wpforms-form\" data-formid=\"10379\" method=\"post\" enctype=\"multipart\/form-data\" action=\"\/en\/wp-json\/wp\/v2\/pages\/443\" data-token=\"f51eb509de6740c8ad558872d893c014\" data-token-time=\"1776240054\"><noscript class=\"wpforms-error-noscript\">Please enable JavaScript in your browser to complete this form.<\/noscript><div id=\"wpforms-error-noscript\" style=\"display: none;\">Please enable JavaScript in your browser to complete this form.<\/div><div class=\"wpforms-field-container\"><div id=\"wpforms-10379-field_0-container\" class=\"wpforms-field wpforms-field-name\" data-field-id=\"0\"><label class=\"wpforms-field-label wpforms-label-hide\" for=\"wpforms-10379-field_0\" aria-hidden=\"false\">Nom et pr\u00e9nom <span class=\"wpforms-required-label\" aria-hidden=\"true\">*<\/span><\/label><input type=\"text\" id=\"wpforms-10379-field_0\" class=\"wpforms-field-medium wpforms-field-required\" name=\"wpforms[fields][0]\" placeholder=\"Nom\" aria-errormessage=\"wpforms-10379-field_0-error\" required><\/div><div id=\"wpforms-10379-field_1-container\" class=\"wpforms-field wpforms-field-email\" data-field-id=\"1\"><label class=\"wpforms-field-label wpforms-label-hide\" for=\"wpforms-10379-field_1\" aria-hidden=\"false\">Email <span class=\"wpforms-required-label\" aria-hidden=\"true\">*<\/span><\/label><input type=\"email\" id=\"wpforms-10379-field_1\" class=\"wpforms-field-medium wpforms-field-required\" name=\"wpforms[fields][1]\" placeholder=\"Email\" spellcheck=\"false\" aria-errormessage=\"wpforms-10379-field_1-error\" required><\/div><div id=\"wpforms-10379-field_2-container\" class=\"wpforms-field wpforms-field-textarea\" data-field-id=\"2\"><label class=\"wpforms-field-label wpforms-label-hide\" for=\"wpforms-10379-field_2\" aria-hidden=\"false\">Comment or Message <span class=\"wpforms-required-label\" aria-hidden=\"true\">*<\/span><\/label><textarea id=\"wpforms-10379-field_2\" class=\"wpforms-field-medium wpforms-field-required\" name=\"wpforms[fields][2]\" placeholder=\"Votre message\" aria-errormessage=\"wpforms-10379-field_2-error\" required><\/textarea><\/div><\/div><!-- .wpforms-field-container --><div class=\"wpforms-recaptcha-container wpforms-is-recaptcha wpforms-is-recaptcha-type-v3\" ><input type=\"hidden\" name=\"wpforms[recaptcha]\" value=\"\"><\/div><div class=\"wpforms-submit-container\" ><input type=\"hidden\" name=\"wpforms[id]\" value=\"10379\"><input type=\"hidden\" name=\"page_title\" value=\"\"><input type=\"hidden\" name=\"page_url\" value=\"https:\/\/wineinthecity.be\/en\/wp-json\/wp\/v2\/pages\/443\"><input type=\"hidden\" name=\"url_referer\" value=\"\"><button type=\"submit\" name=\"wpforms[submit]\" id=\"wpforms-submit-10379\" class=\"wpforms-submit\" data-alt-text=\"Envoi en cours ...\" data-submit-text=\"envoyer\" aria-live=\"assertive\" value=\"wpforms-submit\">envoyer<\/button><\/div><\/form><\/div>  <!-- .wpforms-container --><\/div><\/div><\/div><div class=\"wpb_column vc_column_container vc_col-sm-12 vc_col-md-6\"><div class=\"vc_column-inner\"><div class=\"wpb_wrapper\"><div class=\"edgtf-elements-holder edgtf-responsive-mode-768\" ><div class=\"edgtf-elements-holder-item \" data-item-class=\"edgtf-elements-holder-custom-370101\" data-768-1024=\"0px 0 0 17%\" data-600-768=\"0 0 0 0%\" data-480=\"0 0 0 0%\" >\n\t\t<div class=\"edgtf-elements-holder-item-inner\">\n\t\t<div class=\"edgtf-elements-holder-item-content edgtf-elements-holder-custom-370101\" style=\"padding: 16px 0 0 17%\">\n\t\t\t\n<div class=\"edgtf-section-title edgtf-section-align-left edgtf-underscore-right\" style=\"color: #0f0f0f;font-size: 100px\">\n\t<span class=\"edgtf-section-title-inner\">Contact<\/span>\n<\/div><div class=\"vc_empty_space\"   style=\"height: 8px\"><span class=\"vc_empty_space_inner\"><\/span><\/div><div class=\"vc_empty_space\"   style=\"height: 21px\"><span class=\"vc_empty_space_inner\"><\/span><\/div>\n\t<div class=\"wpb_text_column wpb_content_element\" >\n\t\t<div class=\"wpb_wrapper\">\n\t\t\t<p>Veuillez utiliser ce formulaire de contact, si vous souhaitez nous contacter par email.<\/p>\n<p>Nous nous ferons un plaisir de vous r\u00e9pondre dans un d\u00e9lai de 24 heures, et durant nos horaires d'ouverture.<\/p>\n\n\t\t<\/div>\n\t<\/div>\n<div class=\"vc_empty_space\"   style=\"height: 30px\"><span class=\"vc_empty_space_inner\"><\/span><\/div>\t\t<\/div>\n\t<\/div>\n<\/div><\/div><\/div><\/div><\/div><\/div><\/div><\/div><div class=\"vc_row wpb_row vc_row-fluid edgtf-section edgtf-content-aligment-left\" style=\"\"><div class=\"clearfix edgtf-full-section-inner\"><div class=\"wpb_column vc_column_container vc_col-sm-12\"><div class=\"vc_column-inner\"><div class=\"wpb_wrapper\"><div class=\"edgtf-google-map-holder\">\n\t<div class=\"edgtf-google-map\" id=\"edgtf-map-2972335\" data-addresses='[\"Wine in the City - Place Reine Astrid 34, 1090 Jette\"]' data-custom-map-style=false data-color-overlay=#393939 data-saturation=-100 data-lightness=-60 data-zoom=14 data-pin=https:\/\/wineinthecity.be\/wp-content\/uploads\/2021\/06\/pin.png data-unique-id=2972335 data-scroll-wheel=false data-height=550 ><\/div>\n\t\t\t<div class=\"edgtf-google-map-overlay\"><\/div>\n\t<\/div>\n<\/div><\/div><\/div><\/div><\/div>\n<\/div>","protected":false},"excerpt":{"rendered":"Informations pratiques HEURES D&#039;OUVERTURE 09.00-16.00 |\u00a018.00-21.00 Ferm\u00e9 les mardi et mercredi Commandes sp\u00e9ciales En cas de besoin ou de rupture, les commandes peuvent \u00eatre organis\u00e9es en dehors des heures d\u2019ouverture, sur simple prise de contact au 0475 27 68 15. ADRESSE &amp; ACC\u00c8S Notre adresse...","protected":false},"author":8,"featured_media":0,"parent":0,"menu_order":0,"comment_status":"closed","ping_status":"closed","template":"full-width.php","meta":{"footnotes":""},"class_list":["post-443","page","type-page","status-publish","hentry"],"yoast_head":"<!-- This site is optimized with the Yoast SEO Premium plugin v26.9 (Yoast SEO v27.4) - https:\/\/yoast.com\/product\/yoast-seo-premium-wordpress\/ -->\n<title>Contact | Wine in the City | Arthur Sabbe<\/title>\n<meta name=\"robots\" content=\"index, follow, max-snippet:-1, max-image-preview:large, max-video-preview:-1\" \/>\n<link rel=\"canonical\" href=\"https:\/\/wineinthecity.be\/en\/contact\/\" \/>\n<meta property=\"og:locale\" content=\"en_GB\" \/>\n<meta property=\"og:type\" content=\"article\" \/>\n<meta property=\"og:title\" content=\"Contact\" \/>\n<meta property=\"og:url\" content=\"https:\/\/wineinthecity.be\/en\/contact\/\" \/>\n<meta property=\"og:site_name\" content=\"Wine in the City | Arthur Sabbe\" \/>\n<meta property=\"article:modified_time\" content=\"2026-02-28T10:50:14+00:00\" \/>\n<meta name=\"twitter:card\" content=\"summary_large_image\" \/>\n<meta name=\"twitter:label1\" content=\"Estimated reading time\" \/>\n\t<meta name=\"twitter:data1\" content=\"2 minutes\" \/>\n<script type=\"application\/ld+json\" class=\"yoast-schema-graph\">{\"@context\":\"https:\\\/\\\/schema.org\",\"@graph\":[{\"@type\":\"WebPage\",\"@id\":\"https:\\\/\\\/wineinthecity.be\\\/contact\\\/\",\"url\":\"https:\\\/\\\/wineinthecity.be\\\/contact\\\/\",\"name\":\"Contact | Wine in the City | Arthur Sabbe\",\"isPartOf\":{\"@id\":\"https:\\\/\\\/wineinthecity.be\\\/#website\"},\"datePublished\":\"2017-07-07T10:29:14+00:00\",\"dateModified\":\"2026-02-28T10:50:14+00:00\",\"breadcrumb\":{\"@id\":\"https:\\\/\\\/wineinthecity.be\\\/contact\\\/#breadcrumb\"},\"inLanguage\":\"en-GB\",\"potentialAction\":[{\"@type\":\"ReadAction\",\"target\":[\"https:\\\/\\\/wineinthecity.be\\\/contact\\\/\"]}]},{\"@type\":\"BreadcrumbList\",\"@id\":\"https:\\\/\\\/wineinthecity.be\\\/contact\\\/#breadcrumb\",\"itemListElement\":[{\"@type\":\"ListItem\",\"position\":1,\"name\":\"Accueil\",\"item\":\"https:\\\/\\\/wineinthecity.be\\\/\"},{\"@type\":\"ListItem\",\"position\":2,\"name\":\"Contact\"}]},{\"@type\":\"WebSite\",\"@id\":\"https:\\\/\\\/wineinthecity.be\\\/#website\",\"url\":\"https:\\\/\\\/wineinthecity.be\\\/\",\"name\":\"Wine in the City | Arthur Sabbe\",\"description\":\"Restaurant Gastronomique &amp; Wine Shop\",\"publisher\":{\"@id\":\"https:\\\/\\\/wineinthecity.be\\\/#organization\"},\"potentialAction\":[{\"@type\":\"SearchAction\",\"target\":{\"@type\":\"EntryPoint\",\"urlTemplate\":\"https:\\\/\\\/wineinthecity.be\\\/?s={search_term_string}\"},\"query-input\":{\"@type\":\"PropertyValueSpecification\",\"valueRequired\":true,\"valueName\":\"search_term_string\"}}],\"inLanguage\":\"en-GB\"},{\"@type\":\"Organization\",\"@id\":\"https:\\\/\\\/wineinthecity.be\\\/#organization\",\"name\":\"Wine in the City SPRL\",\"url\":\"https:\\\/\\\/wineinthecity.be\\\/\",\"logo\":{\"@type\":\"ImageObject\",\"inLanguage\":\"en-GB\",\"@id\":\"https:\\\/\\\/wineinthecity.be\\\/#\\\/schema\\\/logo\\\/image\\\/\",\"url\":\"https:\\\/\\\/wineinthecity.be\\\/wp-content\\\/uploads\\\/2021\\\/07\\\/wine-in-the-city-logo-black-398x300.fw-min.png\",\"contentUrl\":\"https:\\\/\\\/wineinthecity.be\\\/wp-content\\\/uploads\\\/2021\\\/07\\\/wine-in-the-city-logo-black-398x300.fw-min.png\",\"width\":398,\"height\":300,\"caption\":\"Wine in the City SPRL\"},\"image\":{\"@id\":\"https:\\\/\\\/wineinthecity.be\\\/#\\\/schema\\\/logo\\\/image\\\/\"}}]}<\/script>\n<!-- \/ Yoast SEO Premium plugin. -->","yoast_head_json":{"title":"Contact | Wine in the City | Arthur Sabbe","robots":{"index":"index","follow":"follow","max-snippet":"max-snippet:-1","max-image-preview":"max-image-preview:large","max-video-preview":"max-video-preview:-1"},"canonical":"https:\/\/wineinthecity.be\/en\/contact\/","og_locale":"en_GB","og_type":"article","og_title":"Contact","og_url":"https:\/\/wineinthecity.be\/en\/contact\/","og_site_name":"Wine in the City | Arthur Sabbe","article_modified_time":"2026-02-28T10:50:14+00:00","twitter_card":"summary_large_image","twitter_misc":{"Estimated reading time":"2 minutes"},"schema":{"@context":"https:\/\/schema.org","@graph":[{"@type":"WebPage","@id":"https:\/\/wineinthecity.be\/contact\/","url":"https:\/\/wineinthecity.be\/contact\/","name":"Contact | Wine in the City | Arthur Sabbe","isPartOf":{"@id":"https:\/\/wineinthecity.be\/#website"},"datePublished":"2017-07-07T10:29:14+00:00","dateModified":"2026-02-28T10:50:14+00:00","breadcrumb":{"@id":"https:\/\/wineinthecity.be\/contact\/#breadcrumb"},"inLanguage":"en-GB","potentialAction":[{"@type":"ReadAction","target":["https:\/\/wineinthecity.be\/contact\/"]}]},{"@type":"BreadcrumbList","@id":"https:\/\/wineinthecity.be\/contact\/#breadcrumb","itemListElement":[{"@type":"ListItem","position":1,"name":"Accueil","item":"https:\/\/wineinthecity.be\/"},{"@type":"ListItem","position":2,"name":"Contact"}]},{"@type":"WebSite","@id":"https:\/\/wineinthecity.be\/#website","url":"https:\/\/wineinthecity.be\/","name":"Wine in the City | Arthur Sabbe","description":"Gastronomic Restaurant &amp; Wine Shop","publisher":{"@id":"https:\/\/wineinthecity.be\/#organization"},"potentialAction":[{"@type":"SearchAction","target":{"@type":"EntryPoint","urlTemplate":"https:\/\/wineinthecity.be\/?s={search_term_string}"},"query-input":{"@type":"PropertyValueSpecification","valueRequired":true,"valueName":"search_term_string"}}],"inLanguage":"en-GB"},{"@type":"Organization","@id":"https:\/\/wineinthecity.be\/#organization","name":"Wine in the City SPRL","url":"https:\/\/wineinthecity.be\/","logo":{"@type":"ImageObject","inLanguage":"en-GB","@id":"https:\/\/wineinthecity.be\/#\/schema\/logo\/image\/","url":"https:\/\/wineinthecity.be\/wp-content\/uploads\/2021\/07\/wine-in-the-city-logo-black-398x300.fw-min.png","contentUrl":"https:\/\/wineinthecity.be\/wp-content\/uploads\/2021\/07\/wine-in-the-city-logo-black-398x300.fw-min.png","width":398,"height":300,"caption":"Wine in the City SPRL"},"image":{"@id":"https:\/\/wineinthecity.be\/#\/schema\/logo\/image\/"}}]}},"_links":{"self":[{"href":"https:\/\/wineinthecity.be\/en\/wp-json\/wp\/v2\/pages\/443","targetHints":{"allow":["GET"]}}],"collection":[{"href":"https:\/\/wineinthecity.be\/en\/wp-json\/wp\/v2\/pages"}],"about":[{"href":"https:\/\/wineinthecity.be\/en\/wp-json\/wp\/v2\/types\/page"}],"author":[{"embeddable":true,"href":"https:\/\/wineinthecity.be\/en\/wp-json\/wp\/v2\/users\/8"}],"replies":[{"embeddable":true,"href":"https:\/\/wineinthecity.be\/en\/wp-json\/wp\/v2\/comments?post=443"}],"version-history":[{"count":57,"href":"https:\/\/wineinthecity.be\/en\/wp-json\/wp\/v2\/pages\/443\/revisions"}],"predecessor-version":[{"id":10384,"href":"https:\/\/wineinthecity.be\/en\/wp-json\/wp\/v2\/pages\/443\/revisions\/10384"}],"wp:attachment":[{"href":"https:\/\/wineinthecity.be\/en\/wp-json\/wp\/v2\/media?parent=443"}],"curies":[{"name":"wp","href":"https:\/\/api.w.org\/{rel}","templated":true}]}}