{"id":889,"date":"2017-07-11T10:38:26","date_gmt":"2017-07-11T10:38:26","guid":{"rendered":"http:\/\/coyote.edge-themes.com\/?page_id=889"},"modified":"2026-02-26T16:17:05","modified_gmt":"2026-02-26T16:17:05","slug":"wineshop","status":"publish","type":"page","link":"https:\/\/wineinthecity.be\/en\/wineshop\/","title":{"rendered":"The Wine Shop"},"content":{"rendered":"<div class=\"wpb-content-wrapper\"><div class=\"vc_row wpb_row vc_row-fluid edgtf-section vc_custom_1626267639073 edgtf-content-aligment-right edgtf-grid-section\" style=\"\"><div class=\"clearfix edgtf-section-inner\"><div class=\"edgtf-section-inner-margin clearfix\"><div class=\"wpb_column vc_column_container vc_col-sm-12 vc_col-md-6\"><div class=\"vc_column-inner\"><div class=\"wpb_wrapper\"><div class=\"edgtf-elements-holder edgtf-responsive-mode-768\" ><div class=\"edgtf-elements-holder-item edgtf-horizontal-alignment-right\" data-item-class=\"edgtf-elements-holder-custom-518360\" data-1024-1280=\"30px 17% 0px 5%\" data-768-1024=\"0px 11% 0px 0%\" data-480=\"30px 4% 0px 5%\" >\n\t\t<div class=\"edgtf-elements-holder-item-inner\">\n\t\t<div class=\"edgtf-elements-holder-item-content edgtf-elements-holder-custom-518360\" style=\"padding: 75px 17% 0px 5%\">\n\t\t\t\n<div class=\"edgtf-section-title edgtf-section-align-right edgtf-underscore-right\" style=\"font-size: 50px\">\n\t<span class=\"edgtf-section-title-inner\">Une s\u00e9lection rigoureuse,<\/span>\n<\/div>\n<div class=\"edgtf-section-title edgtf-section-align-right edgtf-underscore-right\" style=\"font-size: 50px\">\n\t<span class=\"edgtf-section-title-inner\">et des accords mets &amp; vins<\/span>\n<\/div><div class=\"vc_empty_space\"   style=\"height: 50px\"><span class=\"vc_empty_space_inner\"><\/span><\/div>\n\t<div class=\"wpb_text_column wpb_content_element\" >\n\t\t<div class=\"wpb_wrapper\">\n\t\t\t<h3>Dessert ou gibier, homard ou ap\u00e9ritif, les accords sont notre valeur ajout\u00e9e<\/h3>\n\n\t\t<\/div>\n\t<\/div>\n<div class=\"vc_empty_space\"   style=\"height: 50px\"><span class=\"vc_empty_space_inner\"><\/span><\/div>\n\t<div class=\"wpb_text_column wpb_content_element\" >\n\t\t<div class=\"wpb_wrapper\">\n\t\t\t<p>Au diapason de notre restaurant Wine in the City, notre shop \u00e9ponyme d\u00e9ploie ses tr\u00e9sors en vins selon un agencement sp\u00e9cifique \u00e0 notre sp\u00e9cialit\u00e9: l'accord entre les mets et les vins.<\/p>\n<p>Retrouvez ainsi vos bouteilles de pr\u00e9dilection regroup\u00e9es selon la cat\u00e9gorie de plats qui leur sied et...<\/p>\n\n\t\t<\/div>\n\t<\/div>\n<div class=\"vc_empty_space\"   style=\"height: 20px\"><span class=\"vc_empty_space_inner\"><\/span><\/div>\t\t<\/div>\n\t<\/div>\n<\/div><\/div><\/div><\/div><\/div><div class=\"wpb_column vc_column_container vc_col-sm-12 vc_col-md-6\"><div class=\"vc_column-inner\"><div class=\"wpb_wrapper\"><div class=\"edgtf-elements-holder edgtf-responsive-mode-768\" ><div class=\"edgtf-elements-holder-item \" data-item-class=\"edgtf-elements-holder-custom-929768\" data-768-1024=\"56px 0% 0px 0%\" data-600-768=\"100px 11% 0px 8%\" data-480=\"50px 0% 0px 0%\" >\n\t\t<div class=\"edgtf-elements-holder-item-inner\">\n\t\t<div class=\"edgtf-elements-holder-item-content edgtf-elements-holder-custom-929768\" style=\"padding: 0px 0% 0px 0%\">\n\t\t\t\n\t<div  class=\"wpb_single_image wpb_content_element vc_align_left wpb_content_element vc_custom_1626282896867\">\n\t\t\n\t\t<figure class=\"wpb_wrapper vc_figure\">\n\t\t\t<div class=\"vc_single_image-wrapper   vc_box_border_grey\"><img loading=\"lazy\" decoding=\"async\" width=\"467\" height=\"700\" src=\"https:\/\/wineinthecity.be\/wp-content\/uploads\/2021\/07\/wine-in-the-city-shop2-min.jpg\" class=\"vc_single_image-img attachment-full\" alt=\"\" title=\"wine-in-the-city-shop2-min\" srcset=\"https:\/\/wineinthecity.be\/wp-content\/uploads\/2021\/07\/wine-in-the-city-shop2-min.jpg 467w, https:\/\/wineinthecity.be\/wp-content\/uploads\/2021\/07\/wine-in-the-city-shop2-min-200x300.jpg 200w\" sizes=\"auto, (max-width: 467px) 100vw, 467px\" \/><\/div>\n\t\t<\/figure>\n\t<\/div>\n\t\t<\/div>\n\t<\/div>\n<\/div><\/div><\/div><\/div><\/div><\/div><\/div><\/div><div class=\"vc_row wpb_row vc_row-fluid edgtf-section edgtf-content-aligment-left\" style=\"\"><div class=\"clearfix edgtf-full-section-inner\"><div class=\"wpb_column vc_column_container vc_col-sm-12\"><div class=\"vc_column-inner\"><div class=\"wpb_wrapper\"><div class=\"edgtf-google-map-holder\">\n\t<div class=\"edgtf-google-map\" id=\"edgtf-map-2961756\" data-addresses='[\"Wine in the City - Place Reine Astrid 34, 1090 Jette\"]' data-color-overlay=#393939 data-saturation=-100 data-lightness=-60 data-zoom=14 data-pin=https:\/\/wineinthecity.be\/wp-content\/uploads\/2021\/06\/pin.png data-unique-id=2961756 data-scroll-wheel=false data-height=550px data-predefined-style=yes><\/div>\n\t\t\t<div class=\"edgtf-google-map-overlay\"><\/div>\n\t<\/div>\n<\/div><\/div><\/div><\/div><\/div><div class=\"vc_row wpb_row vc_row-fluid edgtf-section edgtf-content-aligment-left\" style=\"\"><div class=\"clearfix edgtf-full-section-inner\"><div class=\"wpb_column vc_column_container vc_col-sm-12\"><div class=\"vc_column-inner\"><div class=\"wpb_wrapper\"><div class=\"vc_empty_space\"   style=\"height: 95px\"><span class=\"vc_empty_space_inner\"><\/span><\/div><div class=\"edgtf-carousel-holder clearfix\"><div class=\"edgtf-carousel edgtf-slick-slider-navigation-style\" data-items=\"5\" data-arrows-navigation=\"no\" data-dots-navigation=\"yes\"><div class=\"edgtf-carousel-item-holder edgtf-has-hover-image\">\n\t\t<a href=\"https:\/\/guide.michelin.com\/be\/fr\/bruxelles-capitale\/jette\/restaurant\/wine-in-the-city\" target=\"_blank\">\n\t\t\t\t\t\t<span class=\"edgtf-carousel-first-image-holder edgtf-has-hover-image edgtf-image-change\">\n\t\t\t\t<img decoding=\"async\" src=\"https:\/\/wineinthecity.be\/wp-content\/uploads\/2021\/07\/Michelin.png\" alt=\"Guide Michelin\">\n\t\t\t<\/span>\n\t\t\t\t\t\t\t<span class=\"edgtf-carousel-second-image-holder edgtf-has-hover-image edgtf-image-change\">\n\t\t\t\t<img decoding=\"async\" src=\"https:\/\/wineinthecity.be\/wp-content\/uploads\/2021\/07\/etoile-couer-cl.png\" alt=\"Guide Michelin\">\n\t\t\t<\/span>\n\t\t\t\t<\/a>\n\t<\/div><div class=\"edgtf-carousel-item-holder edgtf-has-hover-image\">\n\t\t<a href=\"https:\/\/be.gaultmillau.com\/restaurants\/wine-in-the-city\" target=\"_blank\">\n\t\t\t\t\t\t<span class=\"edgtf-carousel-first-image-holder edgtf-has-hover-image edgtf-image-change\">\n\t\t\t\t<img decoding=\"async\" src=\"https:\/\/wineinthecity.be\/wp-content\/uploads\/2021\/07\/gault-millau1.png\" alt=\"Gault &#038; Millau\">\n\t\t\t<\/span>\n\t\t\t\t\t\t\t<span class=\"edgtf-carousel-second-image-holder edgtf-has-hover-image edgtf-image-change\">\n\t\t\t\t<img decoding=\"async\" src=\"https:\/\/wineinthecity.be\/wp-content\/uploads\/2021\/07\/gault-millau.png\" alt=\"Gault &#038; Millau\">\n\t\t\t<\/span>\n\t\t\t\t<\/a>\n\t<\/div><div class=\"edgtf-carousel-item-holder edgtf-has-hover-image\">\n\t\t<a href=\"https:\/\/www.tripadvisor.fr\/Restaurant_Review-g950784-d2458076-Reviews-Wine_in_the_City-Jette_Brussels.html\" target=\"_blank\">\n\t\t\t\t\t\t<span class=\"edgtf-carousel-first-image-holder edgtf-has-hover-image edgtf-image-change\">\n\t\t\t\t<img decoding=\"async\" src=\"https:\/\/wineinthecity.be\/wp-content\/uploads\/2021\/07\/trip-advisor-bk.png\" alt=\"Tripadvisor\">\n\t\t\t<\/span>\n\t\t\t\t\t\t\t<span class=\"edgtf-carousel-second-image-holder edgtf-has-hover-image edgtf-image-change\">\n\t\t\t\t<img decoding=\"async\" src=\"https:\/\/wineinthecity.be\/wp-content\/uploads\/2021\/07\/trip-advisor-cl.png\" alt=\"Tripadvisor\">\n\t\t\t<\/span>\n\t\t\t\t<\/a>\n\t<\/div><div class=\"edgtf-carousel-item-holder edgtf-has-hover-image\">\n\t\t<a href=\"http:\/\/www.belgianrestaurantsassociation.be\/fr\/restaurants\" target=\"_blank\">\n\t\t\t\t\t\t<span class=\"edgtf-carousel-first-image-holder edgtf-has-hover-image edgtf-image-change\">\n\t\t\t\t<img decoding=\"async\" src=\"https:\/\/wineinthecity.be\/wp-content\/uploads\/2021\/07\/fair-play-bk.png\" alt=\"Fair-Play\">\n\t\t\t<\/span>\n\t\t\t\t\t\t\t<span class=\"edgtf-carousel-second-image-holder edgtf-has-hover-image edgtf-image-change\">\n\t\t\t\t<img decoding=\"async\" src=\"https:\/\/wineinthecity.be\/wp-content\/uploads\/2021\/07\/fair-play-cl.png\" alt=\"Fair-Play\">\n\t\t\t<\/span>\n\t\t\t\t<\/a>\n\t<\/div><div class=\"edgtf-carousel-item-holder edgtf-has-hover-image\">\n\t\t<a href=\"https:\/\/www.ltgawards.com\/\" target=\"_blank\">\n\t\t\t\t\t\t<span class=\"edgtf-carousel-first-image-holder edgtf-has-hover-image edgtf-image-change\">\n\t\t\t\t<img decoding=\"async\" src=\"https:\/\/wineinthecity.be\/wp-content\/uploads\/2021\/07\/ltg-bk.png\" alt=\"LTG Awards\">\n\t\t\t<\/span>\n\t\t\t\t\t\t\t<span class=\"edgtf-carousel-second-image-holder edgtf-has-hover-image edgtf-image-change\">\n\t\t\t\t<img decoding=\"async\" src=\"https:\/\/wineinthecity.be\/wp-content\/uploads\/2021\/07\/ltg-cl.png\" alt=\"LTG Awards\">\n\t\t\t<\/span>\n\t\t\t\t<\/a>\n\t<\/div><div class=\"edgtf-carousel-item-holder edgtf-has-hover-image\">\n\t\t<a href=\"https:\/\/be.sluurpy.com\/jette\/restaurant\/2253384\/wine-in-the-city\" target=\"_blank\">\n\t\t\t\t\t\t<span class=\"edgtf-carousel-first-image-holder edgtf-has-hover-image edgtf-image-change\">\n\t\t\t\t<img decoding=\"async\" src=\"https:\/\/wineinthecity.be\/wp-content\/uploads\/2022\/06\/bw-mb_recommended_2021-1-e1654843991738.png\" alt=\"Sluurpy\">\n\t\t\t<\/span>\n\t\t\t\t\t\t\t<span class=\"edgtf-carousel-second-image-holder edgtf-has-hover-image edgtf-image-change\">\n\t\t\t\t<img decoding=\"async\" src=\"https:\/\/wineinthecity.be\/wp-content\/uploads\/2022\/06\/mb_recommended_2021-1-e1654844066594.png\" alt=\"Sluurpy\">\n\t\t\t<\/span>\n\t\t\t\t<\/a>\n\t<\/div><\/div><\/div><div class=\"vc_empty_space\"   style=\"height: 95px\"><span class=\"vc_empty_space_inner\"><\/span><\/div><\/div><\/div><\/div><\/div><\/div>\n<\/div>","protected":false},"excerpt":{"rendered":"","protected":false},"author":8,"featured_media":0,"parent":0,"menu_order":0,"comment_status":"closed","ping_status":"closed","template":"full-width.php","meta":{"footnotes":""},"class_list":["post-889","page","type-page","status-publish","hentry"],"yoast_head":"<!-- This site is optimized with the Yoast SEO Premium plugin v26.9 (Yoast SEO v27.4) - https:\/\/yoast.com\/product\/yoast-seo-premium-wordpress\/ -->\n<title>Le Wine Shop | Wine in the City | Arthur Sabbe<\/title>\n<meta name=\"robots\" content=\"index, follow, max-snippet:-1, max-image-preview:large, max-video-preview:-1\" \/>\n<link rel=\"canonical\" href=\"https:\/\/wineinthecity.be\/en\/wineshop\/\" \/>\n<meta property=\"og:locale\" content=\"en_GB\" \/>\n<meta property=\"og:type\" content=\"article\" \/>\n<meta property=\"og:title\" content=\"Le Wine Shop\" \/>\n<meta property=\"og:url\" content=\"https:\/\/wineinthecity.be\/en\/wineshop\/\" \/>\n<meta property=\"og:site_name\" content=\"Wine in the City | Arthur Sabbe\" \/>\n<meta property=\"article:modified_time\" content=\"2026-02-26T16:17:05+00:00\" \/>\n<meta name=\"twitter:card\" content=\"summary_large_image\" \/>\n<meta name=\"twitter:label1\" content=\"Estimated reading time\" \/>\n\t<meta name=\"twitter:data1\" content=\"4 minutes\" \/>\n<script type=\"application\/ld+json\" class=\"yoast-schema-graph\">{\"@context\":\"https:\\\/\\\/schema.org\",\"@graph\":[{\"@type\":\"WebPage\",\"@id\":\"https:\\\/\\\/wineinthecity.be\\\/wineshop\\\/\",\"url\":\"https:\\\/\\\/wineinthecity.be\\\/wineshop\\\/\",\"name\":\"Le Wine Shop | Wine in the City | Arthur Sabbe\",\"isPartOf\":{\"@id\":\"https:\\\/\\\/wineinthecity.be\\\/#website\"},\"datePublished\":\"2017-07-11T10:38:26+00:00\",\"dateModified\":\"2026-02-26T16:17:05+00:00\",\"breadcrumb\":{\"@id\":\"https:\\\/\\\/wineinthecity.be\\\/wineshop\\\/#breadcrumb\"},\"inLanguage\":\"en-GB\",\"potentialAction\":[{\"@type\":\"ReadAction\",\"target\":[\"https:\\\/\\\/wineinthecity.be\\\/wineshop\\\/\"]}]},{\"@type\":\"BreadcrumbList\",\"@id\":\"https:\\\/\\\/wineinthecity.be\\\/wineshop\\\/#breadcrumb\",\"itemListElement\":[{\"@type\":\"ListItem\",\"position\":1,\"name\":\"Accueil\",\"item\":\"https:\\\/\\\/wineinthecity.be\\\/\"},{\"@type\":\"ListItem\",\"position\":2,\"name\":\"Le Wine Shop\"}]},{\"@type\":\"WebSite\",\"@id\":\"https:\\\/\\\/wineinthecity.be\\\/#website\",\"url\":\"https:\\\/\\\/wineinthecity.be\\\/\",\"name\":\"Wine in the City | Arthur Sabbe\",\"description\":\"Restaurant Gastronomique &amp; Wine Shop\",\"publisher\":{\"@id\":\"https:\\\/\\\/wineinthecity.be\\\/#organization\"},\"potentialAction\":[{\"@type\":\"SearchAction\",\"target\":{\"@type\":\"EntryPoint\",\"urlTemplate\":\"https:\\\/\\\/wineinthecity.be\\\/?s={search_term_string}\"},\"query-input\":{\"@type\":\"PropertyValueSpecification\",\"valueRequired\":true,\"valueName\":\"search_term_string\"}}],\"inLanguage\":\"en-GB\"},{\"@type\":\"Organization\",\"@id\":\"https:\\\/\\\/wineinthecity.be\\\/#organization\",\"name\":\"Wine in the City SPRL\",\"url\":\"https:\\\/\\\/wineinthecity.be\\\/\",\"logo\":{\"@type\":\"ImageObject\",\"inLanguage\":\"en-GB\",\"@id\":\"https:\\\/\\\/wineinthecity.be\\\/#\\\/schema\\\/logo\\\/image\\\/\",\"url\":\"https:\\\/\\\/wineinthecity.be\\\/wp-content\\\/uploads\\\/2021\\\/07\\\/wine-in-the-city-logo-black-398x300.fw-min.png\",\"contentUrl\":\"https:\\\/\\\/wineinthecity.be\\\/wp-content\\\/uploads\\\/2021\\\/07\\\/wine-in-the-city-logo-black-398x300.fw-min.png\",\"width\":398,\"height\":300,\"caption\":\"Wine in the City SPRL\"},\"image\":{\"@id\":\"https:\\\/\\\/wineinthecity.be\\\/#\\\/schema\\\/logo\\\/image\\\/\"}}]}<\/script>\n<!-- \/ Yoast SEO Premium plugin. -->","yoast_head_json":{"title":"The Wine Shop | Wine in the City | Arthur Sabbe","robots":{"index":"index","follow":"follow","max-snippet":"max-snippet:-1","max-image-preview":"max-image-preview:large","max-video-preview":"max-video-preview:-1"},"canonical":"https:\/\/wineinthecity.be\/en\/wineshop\/","og_locale":"en_GB","og_type":"article","og_title":"Le Wine Shop","og_url":"https:\/\/wineinthecity.be\/en\/wineshop\/","og_site_name":"Wine in the City | Arthur Sabbe","article_modified_time":"2026-02-26T16:17:05+00:00","twitter_card":"summary_large_image","twitter_misc":{"Estimated reading time":"4 minutes"},"schema":{"@context":"https:\/\/schema.org","@graph":[{"@type":"WebPage","@id":"https:\/\/wineinthecity.be\/wineshop\/","url":"https:\/\/wineinthecity.be\/wineshop\/","name":"The Wine Shop | Wine in the City | Arthur Sabbe","isPartOf":{"@id":"https:\/\/wineinthecity.be\/#website"},"datePublished":"2017-07-11T10:38:26+00:00","dateModified":"2026-02-26T16:17:05+00:00","breadcrumb":{"@id":"https:\/\/wineinthecity.be\/wineshop\/#breadcrumb"},"inLanguage":"en-GB","potentialAction":[{"@type":"ReadAction","target":["https:\/\/wineinthecity.be\/wineshop\/"]}]},{"@type":"BreadcrumbList","@id":"https:\/\/wineinthecity.be\/wineshop\/#breadcrumb","itemListElement":[{"@type":"ListItem","position":1,"name":"Accueil","item":"https:\/\/wineinthecity.be\/"},{"@type":"ListItem","position":2,"name":"Le Wine Shop"}]},{"@type":"WebSite","@id":"https:\/\/wineinthecity.be\/#website","url":"https:\/\/wineinthecity.be\/","name":"Wine in the City | Arthur Sabbe","description":"Gastronomic Restaurant &amp; Wine Shop","publisher":{"@id":"https:\/\/wineinthecity.be\/#organization"},"potentialAction":[{"@type":"SearchAction","target":{"@type":"EntryPoint","urlTemplate":"https:\/\/wineinthecity.be\/?s={search_term_string}"},"query-input":{"@type":"PropertyValueSpecification","valueRequired":true,"valueName":"search_term_string"}}],"inLanguage":"en-GB"},{"@type":"Organization","@id":"https:\/\/wineinthecity.be\/#organization","name":"Wine in the City SPRL","url":"https:\/\/wineinthecity.be\/","logo":{"@type":"ImageObject","inLanguage":"en-GB","@id":"https:\/\/wineinthecity.be\/#\/schema\/logo\/image\/","url":"https:\/\/wineinthecity.be\/wp-content\/uploads\/2021\/07\/wine-in-the-city-logo-black-398x300.fw-min.png","contentUrl":"https:\/\/wineinthecity.be\/wp-content\/uploads\/2021\/07\/wine-in-the-city-logo-black-398x300.fw-min.png","width":398,"height":300,"caption":"Wine in the City SPRL"},"image":{"@id":"https:\/\/wineinthecity.be\/#\/schema\/logo\/image\/"}}]}},"_links":{"self":[{"href":"https:\/\/wineinthecity.be\/en\/wp-json\/wp\/v2\/pages\/889","targetHints":{"allow":["GET"]}}],"collection":[{"href":"https:\/\/wineinthecity.be\/en\/wp-json\/wp\/v2\/pages"}],"about":[{"href":"https:\/\/wineinthecity.be\/en\/wp-json\/wp\/v2\/types\/page"}],"author":[{"embeddable":true,"href":"https:\/\/wineinthecity.be\/en\/wp-json\/wp\/v2\/users\/8"}],"replies":[{"embeddable":true,"href":"https:\/\/wineinthecity.be\/en\/wp-json\/wp\/v2\/comments?post=889"}],"version-history":[{"count":24,"href":"https:\/\/wineinthecity.be\/en\/wp-json\/wp\/v2\/pages\/889\/revisions"}],"predecessor-version":[{"id":10353,"href":"https:\/\/wineinthecity.be\/en\/wp-json\/wp\/v2\/pages\/889\/revisions\/10353"}],"wp:attachment":[{"href":"https:\/\/wineinthecity.be\/en\/wp-json\/wp\/v2\/media?parent=889"}],"curies":[{"name":"wp","href":"https:\/\/api.w.org\/{rel}","templated":true}]}}