{"id":10290,"date":"2026-02-12T08:09:45","date_gmt":"2026-02-12T08:09:45","guid":{"rendered":"https:\/\/wineinthecity.be\/?page_id=10290"},"modified":"2026-04-09T08:03:27","modified_gmt":"2026-04-09T07:03:27","slug":"lunch","status":"publish","type":"page","link":"https:\/\/wineinthecity.be\/nl\/lunch\/","title":{"rendered":"Lunch"},"content":{"rendered":"<div class=\"wpb-content-wrapper\"><div class=\"vc_row wpb_row vc_row-fluid edgtf-section vc_custom_1770884083076 edgtf-content-aligment-center edgtf-grid-section\" style=\"\"><div class=\"clearfix edgtf-section-inner\"><div class=\"edgtf-section-inner-margin clearfix\"><div class=\"wpb_column vc_column_container vc_col-sm-12\"><div class=\"vc_column-inner vc_custom_1770883998176\"><div class=\"wpb_wrapper\">\n\t<div class=\"wpb_text_column wpb_content_element\" >\n\t\t<div class=\"wpb_wrapper\">\n\t\t\t<p style=\"text-align: center;\">Scampi tempura<br \/>\nBisque met kokosmelk<\/p>\n<p style=\"text-align: center;\">Parelhoenders<br \/>\nSupersaus<br \/>\nVoorjaarsgroenten<\/p>\n<p style=\"text-align: center;\">Rijstpudding<br \/>\nPistache<\/p>\n\n\t\t<\/div>\n\t<\/div>\n<div class=\"vc_empty_space\"   style=\"height: 100px\"><span class=\"vc_empty_space_inner\"><\/span><\/div>\n\t<div class=\"wpb_text_column wpb_content_element\" >\n\t\t<div class=\"wpb_wrapper\">\n\t\t\t<h3 style=\"text-align: center;\">Prijs: \u20ac 50<\/h3>\n<p style=\"text-align: center;\">Beschikbaar vanaf donderdag 09 april 2026.<br \/>\nDit menu kan veranderen afhankelijk van de markt.<\/p>\n\n\t\t<\/div>\n\t<\/div>\n<div class=\"vc_empty_space\"   style=\"height: 50px\"><span class=\"vc_empty_space_inner\"><\/span><\/div><a href=\"https:\/\/wineinthecity.be\/nl\/boeken\/\" target=\"_self\" style=\"font-weight: 100\" class=\"edgtf-btn edgtf-btn-medium edgtf-btn-outline\"  >\n\t\t\t<span class=\"edgtf-btn-text\" >Reservatie<\/span>\n\t\t<\/a>\n<\/div><\/div><\/div><\/div><\/div><\/div><div class=\"vc_row wpb_row vc_row-fluid edgtf-section vc_custom_1771253325518 edgtf-content-aligment-left edgtf-grid-section\" style=\"\"><div class=\"clearfix edgtf-section-inner\"><div class=\"edgtf-section-inner-margin clearfix\"><div class=\"wpb_column vc_column_container vc_col-sm-12\"><div class=\"vc_column-inner vc_custom_1770883998176\"><div class=\"wpb_wrapper\">\n\t<div class=\"wpb_text_column wpb_content_element\" >\n\t\t<div class=\"wpb_wrapper\">\n\t\t\t<p data-start=\"116\" data-end=\"271\">Op zoek naar een <strong data-start=\"136\" data-end=\"167\">gastronomische lunch in Jette<\/strong>, op de Place du Miroir?<br data-start=\"193\" data-end=\"196\" \/>Bij Wine in the City draagt de chef tijdens de lunch zijn kenmerkende <strong data-start=\"254\" data-end=\"270\">Arthur Sabbe<\/strong>.<\/p>\n<p data-start=\"273\" data-end=\"530\">Hij is opgeleid in precisiekoken en biedt een scala aan <strong data-start=\"320\" data-end=\"357\">lunchmenu elke donderdag veranderd<\/strong>, De keuken is ge\u00efnspireerd op seizoensproducten en minutieuze aandacht voor details. Met een kort menu, zorgvuldig bereide gerechten en een uitgebalanceerde aanpak biedt elke week een nieuwe interpretatie van de keuken.<\/p>\n<h3 data-start=\"532\" data-end=\"595\">Een groot verschil bij Jette: ook lunch in het weekend<\/h3>\n<p data-start=\"597\" data-end=\"744\">Waar veel gastronomische restaurants hun lunches beperken tot de week, <strong data-start=\"676\" data-end=\"743\">Wine in the City is ook beschikbaar voor de lunch op zaterdag en zondag.<\/strong>.<\/p>\n<p data-start=\"746\" data-end=\"773\">Hierdoor kun je profiteren van :<\/p>\n<ul>\n<li data-start=\"776\" data-end=\"813\">een professionele lunch tijdens de week<\/li>\n<li data-start=\"776\" data-end=\"813\">een verfijnde lunch voor twee in het weekend<\/li>\n<li data-start=\"864\" data-end=\"897\">een gastronomisch familiemoment<\/li>\n<\/ul>\n<p data-start=\"899\" data-end=\"976\">Altijd in een elegante omgeving, met <strong data-start=\"936\" data-end=\"975\">gemakkelijk parkeren op de Place du Miroir<\/strong>.<\/p>\n<h3 data-start=\"978\" data-end=\"1020\">Chef's keuken beschikbaar tijdens lunchtijd<\/h3>\n<p data-start=\"1022\" data-end=\"1060\">De Arthur Sabbe lunch is :<\/p>\n<ul>\n<li data-start=\"1063\" data-end=\"1105\">een eigentijdse benadering van gastronomie<\/li>\n<li data-start=\"1108\" data-end=\"1141\">verse, seizoensgebonden producten<\/li>\n<li data-start=\"1144\" data-end=\"1177\">een menu dat elke donderdag verandert<\/li>\n<li data-start=\"1180\" data-end=\"1237\">elke middag beschikbaar, ook in het weekend<\/li>\n<\/ul>\n<p data-start=\"1239\" data-end=\"1428\">Voor een <strong data-start=\"1247\" data-end=\"1291\">gastronomisch restaurant in Jette voor de lunch<\/strong>, a <strong data-start=\"1296\" data-end=\"1340\">kwaliteitsvolle weekendlunches in Brussel<\/strong>, of een elegant adres voor entertainment: Wine in the City zet de standaard.<\/p>\n\n\t\t<\/div>\n\t<\/div>\n<div class=\"vc_empty_space\"   style=\"height: 50px\"><span class=\"vc_empty_space_inner\"><\/span><\/div><a href=\"https:\/\/wineinthecity.be\/nl\/boeken\/\" target=\"_self\" style=\"font-weight: 100\" class=\"edgtf-btn edgtf-btn-medium edgtf-btn-outline\"  >\n\t\t\t<span class=\"edgtf-btn-text\" >Reservatie<\/span>\n\t\t<\/a>\n<\/div><\/div><\/div><\/div><\/div><\/div><div class=\"vc_row wpb_row vc_row-fluid edgtf-section edgtf-content-aligment-left\" style=\"\"><div class=\"clearfix edgtf-full-section-inner\"><div class=\"wpb_column vc_column_container vc_col-sm-12\"><div class=\"vc_column-inner\"><div class=\"wpb_wrapper\"><div class=\"vc_empty_space\"   style=\"height: 95px\"><span class=\"vc_empty_space_inner\"><\/span><\/div><div class=\"edgtf-carousel-holder clearfix\"><div class=\"edgtf-carousel edgtf-slick-slider-navigation-style\" data-items=\"5\" data-arrows-navigation=\"no\" data-dots-navigation=\"yes\"><div class=\"edgtf-carousel-item-holder edgtf-has-hover-image\">\n\t\t<a href=\"https:\/\/guide.michelin.com\/be\/fr\/bruxelles-capitale\/jette\/restaurant\/wine-in-the-city\" target=\"_blank\">\n\t\t\t\t\t\t<span class=\"edgtf-carousel-first-image-holder edgtf-has-hover-image edgtf-image-change\">\n\t\t\t\t<img decoding=\"async\" src=\"https:\/\/wineinthecity.be\/wp-content\/uploads\/2021\/07\/Michelin.png\" alt=\"Michelingids\">\n\t\t\t<\/span>\n\t\t\t\t\t\t\t<span class=\"edgtf-carousel-second-image-holder edgtf-has-hover-image edgtf-image-change\">\n\t\t\t\t<img decoding=\"async\" src=\"https:\/\/wineinthecity.be\/wp-content\/uploads\/2021\/07\/etoile-couer-cl.png\" alt=\"Michelingids\">\n\t\t\t<\/span>\n\t\t\t\t<\/a>\n\t<\/div><div class=\"edgtf-carousel-item-holder edgtf-has-hover-image\">\n\t\t<a href=\"https:\/\/be.gaultmillau.com\/restaurants\/wine-in-the-city\" target=\"_blank\">\n\t\t\t\t\t\t<span class=\"edgtf-carousel-first-image-holder edgtf-has-hover-image edgtf-image-change\">\n\t\t\t\t<img decoding=\"async\" src=\"https:\/\/wineinthecity.be\/wp-content\/uploads\/2021\/07\/gault-millau1.png\" alt=\"Gault &amp; Millau\">\n\t\t\t<\/span>\n\t\t\t\t\t\t\t<span class=\"edgtf-carousel-second-image-holder edgtf-has-hover-image edgtf-image-change\">\n\t\t\t\t<img decoding=\"async\" src=\"https:\/\/wineinthecity.be\/wp-content\/uploads\/2021\/07\/gault-millau.png\" alt=\"Gault &amp; Millau\">\n\t\t\t<\/span>\n\t\t\t\t<\/a>\n\t<\/div><div class=\"edgtf-carousel-item-holder edgtf-has-hover-image\">\n\t\t<a href=\"https:\/\/www.tripadvisor.fr\/Restaurant_Review-g950784-d2458076-Reviews-Wine_in_the_City-Jette_Brussels.html\" target=\"_blank\">\n\t\t\t\t\t\t<span class=\"edgtf-carousel-first-image-holder edgtf-has-hover-image edgtf-image-change\">\n\t\t\t\t<img decoding=\"async\" src=\"https:\/\/wineinthecity.be\/wp-content\/uploads\/2021\/07\/trip-advisor-bk.png\" alt=\"Tripadvisor\">\n\t\t\t<\/span>\n\t\t\t\t\t\t\t<span class=\"edgtf-carousel-second-image-holder edgtf-has-hover-image edgtf-image-change\">\n\t\t\t\t<img decoding=\"async\" src=\"https:\/\/wineinthecity.be\/wp-content\/uploads\/2021\/07\/trip-advisor-cl.png\" alt=\"Tripadvisor\">\n\t\t\t<\/span>\n\t\t\t\t<\/a>\n\t<\/div><div class=\"edgtf-carousel-item-holder edgtf-has-hover-image\">\n\t\t<a href=\"http:\/\/www.belgianrestaurantsassociation.be\/fr\/restaurants\" target=\"_blank\">\n\t\t\t\t\t\t<span class=\"edgtf-carousel-first-image-holder edgtf-has-hover-image edgtf-image-change\">\n\t\t\t\t<img decoding=\"async\" src=\"https:\/\/wineinthecity.be\/wp-content\/uploads\/2021\/07\/fair-play-bk.png\" alt=\"Eerlijk spel\">\n\t\t\t<\/span>\n\t\t\t\t\t\t\t<span class=\"edgtf-carousel-second-image-holder edgtf-has-hover-image edgtf-image-change\">\n\t\t\t\t<img decoding=\"async\" src=\"https:\/\/wineinthecity.be\/wp-content\/uploads\/2021\/07\/fair-play-cl.png\" alt=\"Eerlijk spel\">\n\t\t\t<\/span>\n\t\t\t\t<\/a>\n\t<\/div><div class=\"edgtf-carousel-item-holder edgtf-has-hover-image\">\n\t\t<a href=\"https:\/\/www.ltgawards.com\/\" target=\"_blank\">\n\t\t\t\t\t\t<span class=\"edgtf-carousel-first-image-holder edgtf-has-hover-image edgtf-image-change\">\n\t\t\t\t<img decoding=\"async\" src=\"https:\/\/wineinthecity.be\/wp-content\/uploads\/2021\/07\/ltg-bk.png\" alt=\"LTG Awards\">\n\t\t\t<\/span>\n\t\t\t\t\t\t\t<span class=\"edgtf-carousel-second-image-holder edgtf-has-hover-image edgtf-image-change\">\n\t\t\t\t<img decoding=\"async\" src=\"https:\/\/wineinthecity.be\/wp-content\/uploads\/2021\/07\/ltg-cl.png\" alt=\"LTG Awards\">\n\t\t\t<\/span>\n\t\t\t\t<\/a>\n\t<\/div><div class=\"edgtf-carousel-item-holder edgtf-has-hover-image\">\n\t\t<a href=\"https:\/\/be.sluurpy.com\/jette\/restaurant\/2253384\/wine-in-the-city\" target=\"_blank\">\n\t\t\t\t\t\t<span class=\"edgtf-carousel-first-image-holder edgtf-has-hover-image edgtf-image-change\">\n\t\t\t\t<img decoding=\"async\" src=\"https:\/\/wineinthecity.be\/wp-content\/uploads\/2022\/06\/bw-mb_recommended_2021-1-e1654843991738.png\" alt=\"Sluurpy\">\n\t\t\t<\/span>\n\t\t\t\t\t\t\t<span class=\"edgtf-carousel-second-image-holder edgtf-has-hover-image edgtf-image-change\">\n\t\t\t\t<img decoding=\"async\" src=\"https:\/\/wineinthecity.be\/wp-content\/uploads\/2022\/06\/mb_recommended_2021-1-e1654844066594.png\" alt=\"Sluurpy\">\n\t\t\t<\/span>\n\t\t\t\t<\/a>\n\t<\/div><\/div><\/div><div class=\"vc_empty_space\"   style=\"height: 95px\"><span class=\"vc_empty_space_inner\"><\/span><\/div><\/div><\/div><\/div><\/div><\/div>\n<\/div>","protected":false},"excerpt":{"rendered":"","protected":false},"author":8,"featured_media":0,"parent":0,"menu_order":0,"comment_status":"closed","ping_status":"closed","template":"full-width.php","meta":{"footnotes":""},"class_list":["post-10290","page","type-page","status-publish","hentry"],"yoast_head":"<!-- This site is optimized with the Yoast SEO Premium plugin v26.9 (Yoast SEO v27.4) - https:\/\/yoast.com\/product\/yoast-seo-premium-wordpress\/ -->\n<title>Lunch gastronomique \u00e0 Jette | Disponible aussi le week-end<\/title>\n<meta name=\"description\" content=\"Lunch gastronomique sign\u00e9 Arthur Sabbe \u00e0 Jette. Menu renouvel\u00e9 chaque jeudi et disponible aussi le week-end midi. R\u00e9servez votre table en ligne.\" \/>\n<meta name=\"robots\" content=\"index, follow, max-snippet:-1, max-image-preview:large, max-video-preview:-1\" \/>\n<link rel=\"canonical\" href=\"https:\/\/wineinthecity.be\/nl\/lunch\/\" \/>\n<meta property=\"og:locale\" content=\"nl_NL\" \/>\n<meta property=\"og:type\" content=\"article\" \/>\n<meta property=\"og:title\" content=\"Lunch\" \/>\n<meta property=\"og:description\" content=\"Lunch gastronomique sign\u00e9 Arthur Sabbe \u00e0 Jette. Menu renouvel\u00e9 chaque jeudi et disponible aussi le week-end midi. R\u00e9servez votre table en ligne.\" \/>\n<meta property=\"og:url\" content=\"https:\/\/wineinthecity.be\/nl\/lunch\/\" \/>\n<meta property=\"og:site_name\" content=\"Wine in the City | Arthur Sabbe\" \/>\n<meta property=\"article:modified_time\" content=\"2026-04-09T07:03:27+00:00\" \/>\n<meta name=\"twitter:card\" content=\"summary_large_image\" \/>\n<meta name=\"twitter:label1\" content=\"Geschatte leestijd\" \/>\n\t<meta name=\"twitter:data1\" content=\"2 minuten\" \/>\n<script type=\"application\/ld+json\" class=\"yoast-schema-graph\">{\"@context\":\"https:\\\/\\\/schema.org\",\"@graph\":[{\"@type\":\"WebPage\",\"@id\":\"https:\\\/\\\/wineinthecity.be\\\/lunch\\\/\",\"url\":\"https:\\\/\\\/wineinthecity.be\\\/lunch\\\/\",\"name\":\"Lunch gastronomique \u00e0 Jette | Disponible aussi le week-end\",\"isPartOf\":{\"@id\":\"https:\\\/\\\/wineinthecity.be\\\/#website\"},\"datePublished\":\"2026-02-12T08:09:45+00:00\",\"dateModified\":\"2026-04-09T07:03:27+00:00\",\"description\":\"Lunch gastronomique sign\u00e9 Arthur Sabbe \u00e0 Jette. Menu renouvel\u00e9 chaque jeudi et disponible aussi le week-end midi. R\u00e9servez votre table en ligne.\",\"breadcrumb\":{\"@id\":\"https:\\\/\\\/wineinthecity.be\\\/lunch\\\/#breadcrumb\"},\"inLanguage\":\"nl-NL\",\"potentialAction\":[{\"@type\":\"ReadAction\",\"target\":[\"https:\\\/\\\/wineinthecity.be\\\/lunch\\\/\"]}]},{\"@type\":\"BreadcrumbList\",\"@id\":\"https:\\\/\\\/wineinthecity.be\\\/lunch\\\/#breadcrumb\",\"itemListElement\":[{\"@type\":\"ListItem\",\"position\":1,\"name\":\"Accueil\",\"item\":\"https:\\\/\\\/wineinthecity.be\\\/\"},{\"@type\":\"ListItem\",\"position\":2,\"name\":\"Lunch\"}]},{\"@type\":\"WebSite\",\"@id\":\"https:\\\/\\\/wineinthecity.be\\\/#website\",\"url\":\"https:\\\/\\\/wineinthecity.be\\\/\",\"name\":\"Wine in the City | Arthur Sabbe\",\"description\":\"Restaurant Gastronomique &amp; Wine Shop\",\"publisher\":{\"@id\":\"https:\\\/\\\/wineinthecity.be\\\/#organization\"},\"potentialAction\":[{\"@type\":\"SearchAction\",\"target\":{\"@type\":\"EntryPoint\",\"urlTemplate\":\"https:\\\/\\\/wineinthecity.be\\\/?s={search_term_string}\"},\"query-input\":{\"@type\":\"PropertyValueSpecification\",\"valueRequired\":true,\"valueName\":\"search_term_string\"}}],\"inLanguage\":\"nl-NL\"},{\"@type\":\"Organization\",\"@id\":\"https:\\\/\\\/wineinthecity.be\\\/#organization\",\"name\":\"Wine in the City SPRL\",\"url\":\"https:\\\/\\\/wineinthecity.be\\\/\",\"logo\":{\"@type\":\"ImageObject\",\"inLanguage\":\"nl-NL\",\"@id\":\"https:\\\/\\\/wineinthecity.be\\\/#\\\/schema\\\/logo\\\/image\\\/\",\"url\":\"https:\\\/\\\/wineinthecity.be\\\/wp-content\\\/uploads\\\/2021\\\/07\\\/wine-in-the-city-logo-black-398x300.fw-min.png\",\"contentUrl\":\"https:\\\/\\\/wineinthecity.be\\\/wp-content\\\/uploads\\\/2021\\\/07\\\/wine-in-the-city-logo-black-398x300.fw-min.png\",\"width\":398,\"height\":300,\"caption\":\"Wine in the City SPRL\"},\"image\":{\"@id\":\"https:\\\/\\\/wineinthecity.be\\\/#\\\/schema\\\/logo\\\/image\\\/\"}}]}<\/script>\n<!-- \/ Yoast SEO Premium plugin. -->","yoast_head_json":{"title":"Gastronomische lunch in Jette | Ook beschikbaar in het weekend","description":"Lunch voor fijnproevers bij Arthur Sabbe in Jette. Het menu verandert elke donderdag en is ook beschikbaar voor de lunch in het weekend. Reserveer uw tafel online.","robots":{"index":"index","follow":"follow","max-snippet":"max-snippet:-1","max-image-preview":"max-image-preview:large","max-video-preview":"max-video-preview:-1"},"canonical":"https:\/\/wineinthecity.be\/nl\/lunch\/","og_locale":"nl_NL","og_type":"article","og_title":"Lunch","og_description":"Lunch gastronomique sign\u00e9 Arthur Sabbe \u00e0 Jette. Menu renouvel\u00e9 chaque jeudi et disponible aussi le week-end midi. R\u00e9servez votre table en ligne.","og_url":"https:\/\/wineinthecity.be\/nl\/lunch\/","og_site_name":"Wine in the City | Arthur Sabbe","article_modified_time":"2026-04-09T07:03:27+00:00","twitter_card":"summary_large_image","twitter_misc":{"Geschatte leestijd":"2 minuten"},"schema":{"@context":"https:\/\/schema.org","@graph":[{"@type":"WebPage","@id":"https:\/\/wineinthecity.be\/lunch\/","url":"https:\/\/wineinthecity.be\/lunch\/","name":"Gastronomische lunch in Jette | Ook beschikbaar in het weekend","isPartOf":{"@id":"https:\/\/wineinthecity.be\/#website"},"datePublished":"2026-02-12T08:09:45+00:00","dateModified":"2026-04-09T07:03:27+00:00","description":"Lunch voor fijnproevers bij Arthur Sabbe in Jette. Het menu verandert elke donderdag en is ook beschikbaar voor de lunch in het weekend. Reserveer uw tafel online.","breadcrumb":{"@id":"https:\/\/wineinthecity.be\/lunch\/#breadcrumb"},"inLanguage":"nl-NL","potentialAction":[{"@type":"ReadAction","target":["https:\/\/wineinthecity.be\/lunch\/"]}]},{"@type":"BreadcrumbList","@id":"https:\/\/wineinthecity.be\/lunch\/#breadcrumb","itemListElement":[{"@type":"ListItem","position":1,"name":"Accueil","item":"https:\/\/wineinthecity.be\/"},{"@type":"ListItem","position":2,"name":"Lunch"}]},{"@type":"WebSite","@id":"https:\/\/wineinthecity.be\/#website","url":"https:\/\/wineinthecity.be\/","name":"Wine in the City | Arthur Sabbe","description":"Gastronomisch Restaurant &amp; Wijnwinkel","publisher":{"@id":"https:\/\/wineinthecity.be\/#organization"},"potentialAction":[{"@type":"SearchAction","target":{"@type":"EntryPoint","urlTemplate":"https:\/\/wineinthecity.be\/?s={search_term_string}"},"query-input":{"@type":"PropertyValueSpecification","valueRequired":true,"valueName":"search_term_string"}}],"inLanguage":"nl-NL"},{"@type":"Organization","@id":"https:\/\/wineinthecity.be\/#organization","name":"Wine in the City SPRL","url":"https:\/\/wineinthecity.be\/","logo":{"@type":"ImageObject","inLanguage":"nl-NL","@id":"https:\/\/wineinthecity.be\/#\/schema\/logo\/image\/","url":"https:\/\/wineinthecity.be\/wp-content\/uploads\/2021\/07\/wine-in-the-city-logo-black-398x300.fw-min.png","contentUrl":"https:\/\/wineinthecity.be\/wp-content\/uploads\/2021\/07\/wine-in-the-city-logo-black-398x300.fw-min.png","width":398,"height":300,"caption":"Wine in the City SPRL"},"image":{"@id":"https:\/\/wineinthecity.be\/#\/schema\/logo\/image\/"}}]}},"_links":{"self":[{"href":"https:\/\/wineinthecity.be\/nl\/wp-json\/wp\/v2\/pages\/10290","targetHints":{"allow":["GET"]}}],"collection":[{"href":"https:\/\/wineinthecity.be\/nl\/wp-json\/wp\/v2\/pages"}],"about":[{"href":"https:\/\/wineinthecity.be\/nl\/wp-json\/wp\/v2\/types\/page"}],"author":[{"embeddable":true,"href":"https:\/\/wineinthecity.be\/nl\/wp-json\/wp\/v2\/users\/8"}],"replies":[{"embeddable":true,"href":"https:\/\/wineinthecity.be\/nl\/wp-json\/wp\/v2\/comments?post=10290"}],"version-history":[{"count":27,"href":"https:\/\/wineinthecity.be\/nl\/wp-json\/wp\/v2\/pages\/10290\/revisions"}],"predecessor-version":[{"id":10458,"href":"https:\/\/wineinthecity.be\/nl\/wp-json\/wp\/v2\/pages\/10290\/revisions\/10458"}],"wp:attachment":[{"href":"https:\/\/wineinthecity.be\/nl\/wp-json\/wp\/v2\/media?parent=10290"}],"curies":[{"name":"wp","href":"https:\/\/api.w.org\/{rel}","templated":true}]}}