{"id":10326,"date":"2026-02-19T07:36:12","date_gmt":"2026-02-19T07:36:12","guid":{"rendered":"https:\/\/wineinthecity.be\/?page_id=10326"},"modified":"2026-03-12T07:45:07","modified_gmt":"2026-03-12T07:45:07","slug":"menu-16-februari-2026","status":"publish","type":"page","link":"https:\/\/wineinthecity.be\/nl\/menu-16-fevrier-2026\/","title":{"rendered":"Menu 16 februari 2026"},"content":{"rendered":"<div class=\"wpb-content-wrapper\"><div class=\"vc_row wpb_row vc_row-fluid edgtf-section menu-align-top vc_row-flex vc_row-o-equal-height vc_row-o-content-top vc_custom_1772227481556 edgtf-content-aligment-left edgtf-grid-section\" style=\"\"><div class=\"clearfix edgtf-section-inner\"><div class=\"edgtf-section-inner-margin clearfix\"><div class=\"menu-align-top wpb_column vc_column_container vc_col-sm-6\"><div class=\"vc_column-inner vc_custom_1772227430412\"><div class=\"wpb_wrapper\">\n\t<div class=\"wpb_text_column wpb_content_element\" >\n\t\t<div class=\"wpb_wrapper\">\n\t\t\t<h2>5-gangen menu<\/h2>\n<h6>Alleen diner<\/h6>\n<p>&nbsp;<\/p>\n<h3>\u20ac 65<\/h3>\n\n\t\t<\/div>\n\t<\/div>\n<div class=\"vc_empty_space\"   style=\"height: 32px\"><span class=\"vc_empty_space_inner\"><\/span><\/div>\n\t<div class=\"wpb_text_column wpb_content_element\" >\n\t\t<div class=\"wpb_wrapper\">\n\t\t\t<h5 data-start=\"196\" data-end=\"225\">TRIO STARTERS<\/h5>\n<p data-start=\"226\" data-end=\"300\">Humusschuim, Koningsmakreel met tartaar en citroen<br data-start=\"273\" data-end=\"276\" \/>Verse kaas met radijs<\/p>\n<h5 data-start=\"302\" data-end=\"321\">Entr\u00e9e<\/h5>\n<p data-start=\"322\" data-end=\"361\">Perfect ei, boerenkool en knolselderij<\/p>\n<h5 data-start=\"363\" data-end=\"376\">VIS<\/h5>\n<p data-start=\"377\" data-end=\"398\">Zeebaars en beurre Nantais<\/p>\n<h5 data-start=\"400\" data-end=\"412\">VLEES<\/h5>\n<p data-start=\"413\" data-end=\"444\">Kalfsvlees met gedroogde tomaatjes en sesamzaadjes<\/p>\n<h5 data-start=\"446\" data-end=\"459\">DESSERT<\/h5>\n<p data-start=\"460\" data-end=\"486\">Peer, chocolade, vanille<\/p>\n\n\t\t<\/div>\n\t<\/div>\n<\/div><\/div><\/div><div class=\"wpb_column vc_column_container vc_col-sm-6\"><div class=\"vc_column-inner\"><div class=\"wpb_wrapper\">\n\t<div class=\"wpb_text_column wpb_content_element\" >\n\t\t<div class=\"wpb_wrapper\">\n\t\t\t<h2>7-gangen menu<\/h2>\n<h6>Alleen diner<\/h6>\n<p>&nbsp;<\/p>\n<h3>\u20ac 85<\/h3>\n\n\t\t<\/div>\n\t<\/div>\n<div class=\"vc_empty_space\"   style=\"height: 32px\"><span class=\"vc_empty_space_inner\"><\/span><\/div>\n\t<div class=\"wpb_text_column wpb_content_element\" >\n\t\t<div class=\"wpb_wrapper\">\n\t\t\t<h5 data-start=\"541\" data-end=\"570\">TRIO STARTERS<\/h5>\n<p data-start=\"571\" data-end=\"645\">Humusschuim, Koningsmakreel met tartaar en citroen<br data-start=\"618\" data-end=\"621\" \/>Verse kaas met radijs<\/p>\n<h5 data-start=\"647\" data-end=\"659\">ENTR\u00c9E<\/h5>\n<p data-start=\"660\" data-end=\"699\">Perfect ei, boerenkool en knolselderij<\/p>\n<h5 data-start=\"701\" data-end=\"728\">Extra entr\u00e9e<\/h5>\n<p data-start=\"729\" data-end=\"787\">Ravioli van rode biet, verse geitenkaas,<br data-start=\"763\" data-end=\"766\" \/>Hazelnootjes van Piemonte<\/p>\n<h5 data-start=\"789\" data-end=\"802\">VIS<\/h5>\n<p data-start=\"803\" data-end=\"824\">Zeebaars en beurre Nantais<\/p>\n<h5 data-start=\"826\" data-end=\"838\">VLEES<\/h5>\n<p data-start=\"839\" data-end=\"870\">Kalfsvlees met gedroogde tomaatjes en sesamzaadjes<\/p>\n<h5 data-start=\"872\" data-end=\"887\">Entremet<\/h5>\n<p data-start=\"888\" data-end=\"926\">Gekonfijte artisjok en oude Parmezaanse kaas<\/p>\n<h5 data-start=\"928\" data-end=\"941\">DESSERT<\/h5>\n<p data-start=\"942\" data-end=\"968\">Peer, chocolade, vanille<\/p>\n\n\t\t<\/div>\n\t<\/div>\n<\/div><\/div><\/div><\/div><\/div><\/div><div class=\"vc_row wpb_row vc_row-fluid edgtf-section vc_custom_1772226672788 edgtf-content-aligment-center edgtf-grid-section\" style=\"\"><div class=\"clearfix edgtf-section-inner\"><div class=\"edgtf-section-inner-margin clearfix\"><div class=\"wpb_column vc_column_container vc_col-sm-12\"><div class=\"vc_column-inner vc_custom_1770883998176\"><div class=\"wpb_wrapper\"><a href=\"https:\/\/wineinthecity.be\/nl\/boeken\/\" target=\"_self\" style=\"font-weight: 100\" class=\"edgtf-btn edgtf-btn-medium edgtf-btn-solid\"  >\n\t\t\t<span class=\"edgtf-btn-text\" >Reservatie<\/span>\n\t\t<\/a>\n<\/div><\/div><\/div><\/div><\/div><\/div><div class=\"vc_row wpb_row vc_row-fluid edgtf-section vc_custom_1771253325518 edgtf-content-aligment-left edgtf-grid-section\" style=\"\"><div class=\"clearfix edgtf-section-inner\"><div class=\"edgtf-section-inner-margin clearfix\"><div class=\"wpb_column vc_column_container vc_col-sm-12\"><div class=\"vc_column-inner vc_custom_1770883998176\"><div class=\"wpb_wrapper\">\n\t<div class=\"wpb_text_column wpb_content_element\" >\n\t\t<div class=\"wpb_wrapper\">\n\t\t\t<h2 data-start=\"89\" data-end=\"166\">Gastronomisch menu van de maand - Arthur Sabbe's kenmerkende ervaring in Jette<\/h2>\n\n\t\t<\/div>\n\t<\/div>\n<div class=\"vc_empty_space\"   style=\"height: 32px\"><span class=\"vc_empty_space_inner\"><\/span><\/div>\n\t<div class=\"wpb_text_column wpb_content_element\" >\n\t\t<div class=\"wpb_wrapper\">\n\t\t\t<p data-start=\"168\" data-end=\"464\">Bij <strong data-start=\"170\" data-end=\"190\">Wine in the City<\/strong>, Het fijnproeversmenu van de maand is veel meer dan zomaar een menu: het is het vlaggenschip, het beste van het beste van Arthur Sabbe. Het is een complete culinaire ervaring, opgevat als een evoluerend kunstwerk dat elke maand verandert volgens de seizoenen, de markt en de inspiratie van de chef.<\/p>\n<h3 data-start=\"466\" data-end=\"504\">Het beste van het beste van Arthur Sabbe<\/h3>\n<p data-start=\"506\" data-end=\"707\">Elke maand stelt Arthur Sabbe een 5- of 7-gangen degustatiemenu samen dat zijn keuken in de kijker zet: precieze technieken, zorgvuldig geselecteerde producten, een evenwicht tussen kracht en finesse.<\/p>\n<p data-start=\"709\" data-end=\"929\">Zeebrasem sashimi, flame-cooked coquilles, snacked zeebaars, gevulde Mechelse koekoeksklokken, lichte desserts...<br data-start=\"818\" data-end=\"821\" \/>Elk gerecht is opgebouwd rond een rode draad: de puurheid van het product en de intensiteit van de smaken.<\/p>\n<p data-start=\"931\" data-end=\"1057\">Dit gastronomische menu in Jette is de meest geslaagde ervaring van het restaurant - het menu dat de volledige persoonlijkheid van de chef onthult.<\/p>\n<h3 data-start=\"1059\" data-end=\"1114\">Paren van wijn en spijs - de kunst om het beste uit elk gerecht te halen<\/h3>\n<p data-start=\"1116\" data-end=\"1209\">De ervaring zou niet compleet zijn zonder zorgvuldig geselecteerde wijn-spijs combinaties.<\/p>\n<p data-start=\"1211\" data-end=\"1495\">Arthur Sabbe en zijn team bieden een op maat gemaakt wijnarrangement, ontworpen om elke service met precisie te begeleiden:<br data-start=\"1330\" data-end=\"1333\" \/>- minerale witte wijnen om jodium en frisheid te onthullen<br data-start=\"1391\" data-end=\"1394\" \/>- elegante rode wijnen voor volle sappen<br data-start=\"1440\" data-end=\"1443\" \/>- gedurfde selecties om de smaakpapillen te verrassen<\/p>\n<p data-start=\"1497\" data-end=\"1619\">Wijn-spijs combinaties maken van het diner een zintuiglijke reis, waarbij elke slok de emotie van het gerecht verlengt.<\/p>\n<h3 data-start=\"1621\" data-end=\"1655\">Een menu dat elke maand verandert<\/h3>\n<p data-start=\"1657\" data-end=\"1702\">Het gastronomische menu verandert elke maand.<\/p>\n<p data-start=\"1704\" data-end=\"1743\">Deze voortdurende ontwikkeling garandeert :<\/p>\n<p data-start=\"1745\" data-end=\"1867\">seizoensproducten<br data-start=\"1769\" data-end=\"1772\" \/>\u2714 vernieuwde creativiteit<br data-start=\"1799\" data-end=\"1802\" \/>\u2714 een reden om terug te komen en het nieuwe kenmerkende product van de chef te ontdekken<\/p>\n<p data-start=\"1869\" data-end=\"1937\">Elk bezoek brengt een nieuwe interpretatie, een nieuwe verrassing.<\/p>\n<h3 data-start=\"1939\" data-end=\"1997\">Een gastronomische ervaring in Jette - Spiegelplein<\/h3>\n<p data-start=\"1999\" data-end=\"2134\">Gelegen in Jette, op de Spiegelplein, <strong data-start=\"2038\" data-end=\"2058\">Wine in the City<\/strong> biedt een eigentijdse, verfijnde en toegankelijke gastronomische ervaring.<\/p>\n<p data-start=\"2136\" data-end=\"2332\">Het menu van deze maand is ideaal voor :<br data-start=\"2168\" data-end=\"2171\" \/>- een gastronomisch diner in Brussel<br data-start=\"2207\" data-end=\"2210\" \/>- een speciale gelegenheid<br data-start=\"2233\" data-end=\"2236\" \/>- een culinaire ervaring met wijnarrangementen<br data-start=\"2280\" data-end=\"2283\" \/>- Ontdek Arthur Sabbe's kenmerkende keuken<\/p>\n\n\t\t<\/div>\n\t<\/div>\n<div class=\"vc_empty_space\"   style=\"height: 50px\"><span class=\"vc_empty_space_inner\"><\/span><\/div><a href=\"https:\/\/wineinthecity.be\/nl\/boeken\/\" target=\"_self\" style=\"font-weight: 100\" class=\"edgtf-btn edgtf-btn-medium edgtf-btn-outline\"  >\n\t\t\t<span class=\"edgtf-btn-text\" >Reservatie<\/span>\n\t\t<\/a>\n<\/div><\/div><\/div><\/div><\/div><\/div><div class=\"vc_row wpb_row vc_row-fluid edgtf-section edgtf-content-aligment-left\" style=\"\"><div class=\"clearfix edgtf-full-section-inner\"><div class=\"wpb_column vc_column_container vc_col-sm-12\"><div class=\"vc_column-inner\"><div class=\"wpb_wrapper\"><div class=\"vc_empty_space\"   style=\"height: 95px\"><span class=\"vc_empty_space_inner\"><\/span><\/div><div class=\"edgtf-carousel-holder clearfix\"><div class=\"edgtf-carousel edgtf-slick-slider-navigation-style\" data-items=\"5\" data-arrows-navigation=\"no\" data-dots-navigation=\"yes\"><div class=\"edgtf-carousel-item-holder edgtf-has-hover-image\">\n\t\t<a href=\"https:\/\/guide.michelin.com\/be\/fr\/bruxelles-capitale\/jette\/restaurant\/wine-in-the-city\" target=\"_blank\">\n\t\t\t\t\t\t<span class=\"edgtf-carousel-first-image-holder edgtf-has-hover-image edgtf-image-change\">\n\t\t\t\t<img decoding=\"async\" src=\"https:\/\/wineinthecity.be\/wp-content\/uploads\/2021\/07\/Michelin.png\" alt=\"Michelingids\">\n\t\t\t<\/span>\n\t\t\t\t\t\t\t<span class=\"edgtf-carousel-second-image-holder edgtf-has-hover-image edgtf-image-change\">\n\t\t\t\t<img decoding=\"async\" src=\"https:\/\/wineinthecity.be\/wp-content\/uploads\/2021\/07\/etoile-couer-cl.png\" alt=\"Michelingids\">\n\t\t\t<\/span>\n\t\t\t\t<\/a>\n\t<\/div><div class=\"edgtf-carousel-item-holder edgtf-has-hover-image\">\n\t\t<a href=\"https:\/\/be.gaultmillau.com\/restaurants\/wine-in-the-city\" target=\"_blank\">\n\t\t\t\t\t\t<span class=\"edgtf-carousel-first-image-holder edgtf-has-hover-image edgtf-image-change\">\n\t\t\t\t<img decoding=\"async\" src=\"https:\/\/wineinthecity.be\/wp-content\/uploads\/2021\/07\/gault-millau1.png\" alt=\"Gault &amp; Millau\">\n\t\t\t<\/span>\n\t\t\t\t\t\t\t<span class=\"edgtf-carousel-second-image-holder edgtf-has-hover-image edgtf-image-change\">\n\t\t\t\t<img decoding=\"async\" src=\"https:\/\/wineinthecity.be\/wp-content\/uploads\/2021\/07\/gault-millau.png\" alt=\"Gault &amp; Millau\">\n\t\t\t<\/span>\n\t\t\t\t<\/a>\n\t<\/div><div class=\"edgtf-carousel-item-holder edgtf-has-hover-image\">\n\t\t<a href=\"https:\/\/www.tripadvisor.fr\/Restaurant_Review-g950784-d2458076-Reviews-Wine_in_the_City-Jette_Brussels.html\" target=\"_blank\">\n\t\t\t\t\t\t<span class=\"edgtf-carousel-first-image-holder edgtf-has-hover-image edgtf-image-change\">\n\t\t\t\t<img decoding=\"async\" src=\"https:\/\/wineinthecity.be\/wp-content\/uploads\/2021\/07\/trip-advisor-bk.png\" alt=\"Tripadvisor\">\n\t\t\t<\/span>\n\t\t\t\t\t\t\t<span class=\"edgtf-carousel-second-image-holder edgtf-has-hover-image edgtf-image-change\">\n\t\t\t\t<img decoding=\"async\" src=\"https:\/\/wineinthecity.be\/wp-content\/uploads\/2021\/07\/trip-advisor-cl.png\" alt=\"Tripadvisor\">\n\t\t\t<\/span>\n\t\t\t\t<\/a>\n\t<\/div><div class=\"edgtf-carousel-item-holder edgtf-has-hover-image\">\n\t\t<a href=\"http:\/\/www.belgianrestaurantsassociation.be\/fr\/restaurants\" target=\"_blank\">\n\t\t\t\t\t\t<span class=\"edgtf-carousel-first-image-holder edgtf-has-hover-image edgtf-image-change\">\n\t\t\t\t<img decoding=\"async\" src=\"https:\/\/wineinthecity.be\/wp-content\/uploads\/2021\/07\/fair-play-bk.png\" alt=\"Eerlijk spel\">\n\t\t\t<\/span>\n\t\t\t\t\t\t\t<span class=\"edgtf-carousel-second-image-holder edgtf-has-hover-image edgtf-image-change\">\n\t\t\t\t<img decoding=\"async\" src=\"https:\/\/wineinthecity.be\/wp-content\/uploads\/2021\/07\/fair-play-cl.png\" alt=\"Eerlijk spel\">\n\t\t\t<\/span>\n\t\t\t\t<\/a>\n\t<\/div><div class=\"edgtf-carousel-item-holder edgtf-has-hover-image\">\n\t\t<a href=\"https:\/\/www.ltgawards.com\/\" target=\"_blank\">\n\t\t\t\t\t\t<span class=\"edgtf-carousel-first-image-holder edgtf-has-hover-image edgtf-image-change\">\n\t\t\t\t<img decoding=\"async\" src=\"https:\/\/wineinthecity.be\/wp-content\/uploads\/2021\/07\/ltg-bk.png\" alt=\"LTG Awards\">\n\t\t\t<\/span>\n\t\t\t\t\t\t\t<span class=\"edgtf-carousel-second-image-holder edgtf-has-hover-image edgtf-image-change\">\n\t\t\t\t<img decoding=\"async\" src=\"https:\/\/wineinthecity.be\/wp-content\/uploads\/2021\/07\/ltg-cl.png\" alt=\"LTG Awards\">\n\t\t\t<\/span>\n\t\t\t\t<\/a>\n\t<\/div><div class=\"edgtf-carousel-item-holder edgtf-has-hover-image\">\n\t\t<a href=\"https:\/\/be.sluurpy.com\/jette\/restaurant\/2253384\/wine-in-the-city\" target=\"_blank\">\n\t\t\t\t\t\t<span class=\"edgtf-carousel-first-image-holder edgtf-has-hover-image edgtf-image-change\">\n\t\t\t\t<img decoding=\"async\" src=\"https:\/\/wineinthecity.be\/wp-content\/uploads\/2022\/06\/bw-mb_recommended_2021-1-e1654843991738.png\" alt=\"Sluurpy\">\n\t\t\t<\/span>\n\t\t\t\t\t\t\t<span class=\"edgtf-carousel-second-image-holder edgtf-has-hover-image edgtf-image-change\">\n\t\t\t\t<img decoding=\"async\" src=\"https:\/\/wineinthecity.be\/wp-content\/uploads\/2022\/06\/mb_recommended_2021-1-e1654844066594.png\" alt=\"Sluurpy\">\n\t\t\t<\/span>\n\t\t\t\t<\/a>\n\t<\/div><\/div><\/div><div class=\"vc_empty_space\"   style=\"height: 95px\"><span class=\"vc_empty_space_inner\"><\/span><\/div><\/div><\/div><\/div><\/div><\/div>\n<\/div>","protected":false},"excerpt":{"rendered":"","protected":false},"author":8,"featured_media":0,"parent":0,"menu_order":0,"comment_status":"closed","ping_status":"closed","template":"full-width.php","meta":{"footnotes":""},"class_list":["post-10326","page","type-page","status-publish","hentry"],"yoast_head":"<!-- This site is optimized with the Yoast SEO Premium plugin v26.9 (Yoast SEO v27.4) - https:\/\/yoast.com\/product\/yoast-seo-premium-wordpress\/ -->\n<title>Menu gastronomique signature \u00e0 Jette \u2013 Wine in the City<\/title>\n<meta name=\"description\" content=\"Le flagship d\u2019Arthur Sabbe : un menu d\u00e9gustation 5 ou 7 services renouvel\u00e9 chaque mois, avec accords mets et vins, \u00e0 Jette \u2013 Bruxelles.\" \/>\n<meta name=\"robots\" content=\"index, follow, max-snippet:-1, max-image-preview:large, max-video-preview:-1\" \/>\n<link rel=\"canonical\" href=\"https:\/\/wineinthecity.be\/nl\/menu-16-februari-2026\/\" \/>\n<meta property=\"og:locale\" content=\"nl_NL\" \/>\n<meta property=\"og:type\" content=\"article\" \/>\n<meta property=\"og:title\" content=\"Menu 16 f\u00e9vrier 2026\" \/>\n<meta property=\"og:description\" content=\"Le flagship d\u2019Arthur Sabbe : un menu d\u00e9gustation 5 ou 7 services renouvel\u00e9 chaque mois, avec accords mets et vins, \u00e0 Jette \u2013 Bruxelles.\" \/>\n<meta property=\"og:url\" content=\"https:\/\/wineinthecity.be\/nl\/menu-16-februari-2026\/\" \/>\n<meta property=\"og:site_name\" content=\"Wine in the City | Arthur Sabbe\" \/>\n<meta property=\"article:modified_time\" content=\"2026-03-12T07:45:07+00:00\" \/>\n<meta name=\"twitter:card\" content=\"summary_large_image\" \/>\n<meta name=\"twitter:label1\" content=\"Geschatte leestijd\" \/>\n\t<meta name=\"twitter:data1\" content=\"3 minuten\" \/>\n<script type=\"application\/ld+json\" class=\"yoast-schema-graph\">{\"@context\":\"https:\\\/\\\/schema.org\",\"@graph\":[{\"@type\":\"WebPage\",\"@id\":\"https:\\\/\\\/wineinthecity.be\\\/menu-16-fevrier-2026\\\/\",\"url\":\"https:\\\/\\\/wineinthecity.be\\\/menu-16-fevrier-2026\\\/\",\"name\":\"Menu gastronomique signature \u00e0 Jette \u2013 Wine in the City\",\"isPartOf\":{\"@id\":\"https:\\\/\\\/wineinthecity.be\\\/#website\"},\"datePublished\":\"2026-02-19T07:36:12+00:00\",\"dateModified\":\"2026-03-12T07:45:07+00:00\",\"description\":\"Le flagship d\u2019Arthur Sabbe : un menu d\u00e9gustation 5 ou 7 services renouvel\u00e9 chaque mois, avec accords mets et vins, \u00e0 Jette \u2013 Bruxelles.\",\"breadcrumb\":{\"@id\":\"https:\\\/\\\/wineinthecity.be\\\/menu-16-fevrier-2026\\\/#breadcrumb\"},\"inLanguage\":\"nl-NL\",\"potentialAction\":[{\"@type\":\"ReadAction\",\"target\":[\"https:\\\/\\\/wineinthecity.be\\\/menu-16-fevrier-2026\\\/\"]}]},{\"@type\":\"BreadcrumbList\",\"@id\":\"https:\\\/\\\/wineinthecity.be\\\/menu-16-fevrier-2026\\\/#breadcrumb\",\"itemListElement\":[{\"@type\":\"ListItem\",\"position\":1,\"name\":\"Accueil\",\"item\":\"https:\\\/\\\/wineinthecity.be\\\/\"},{\"@type\":\"ListItem\",\"position\":2,\"name\":\"Menu 16 f\u00e9vrier 2026\"}]},{\"@type\":\"WebSite\",\"@id\":\"https:\\\/\\\/wineinthecity.be\\\/#website\",\"url\":\"https:\\\/\\\/wineinthecity.be\\\/\",\"name\":\"Wine in the City | Arthur Sabbe\",\"description\":\"Restaurant Gastronomique &amp; Wine Shop\",\"publisher\":{\"@id\":\"https:\\\/\\\/wineinthecity.be\\\/#organization\"},\"potentialAction\":[{\"@type\":\"SearchAction\",\"target\":{\"@type\":\"EntryPoint\",\"urlTemplate\":\"https:\\\/\\\/wineinthecity.be\\\/?s={search_term_string}\"},\"query-input\":{\"@type\":\"PropertyValueSpecification\",\"valueRequired\":true,\"valueName\":\"search_term_string\"}}],\"inLanguage\":\"nl-NL\"},{\"@type\":\"Organization\",\"@id\":\"https:\\\/\\\/wineinthecity.be\\\/#organization\",\"name\":\"Wine in the City SPRL\",\"url\":\"https:\\\/\\\/wineinthecity.be\\\/\",\"logo\":{\"@type\":\"ImageObject\",\"inLanguage\":\"nl-NL\",\"@id\":\"https:\\\/\\\/wineinthecity.be\\\/#\\\/schema\\\/logo\\\/image\\\/\",\"url\":\"https:\\\/\\\/wineinthecity.be\\\/wp-content\\\/uploads\\\/2021\\\/07\\\/wine-in-the-city-logo-black-398x300.fw-min.png\",\"contentUrl\":\"https:\\\/\\\/wineinthecity.be\\\/wp-content\\\/uploads\\\/2021\\\/07\\\/wine-in-the-city-logo-black-398x300.fw-min.png\",\"width\":398,\"height\":300,\"caption\":\"Wine in the City SPRL\"},\"image\":{\"@id\":\"https:\\\/\\\/wineinthecity.be\\\/#\\\/schema\\\/logo\\\/image\\\/\"}}]}<\/script>\n<!-- \/ Yoast SEO Premium plugin. -->","yoast_head_json":{"title":"Gesigneerd gastronomisch menu in Jette - Wine in the City","description":"Het paradepaardje van Arthur Sabbe: een degustatiemenu van 5 of 7 gangen, met eten en wijn, elke maand vernieuwd, in Jette - Brussel.","robots":{"index":"index","follow":"follow","max-snippet":"max-snippet:-1","max-image-preview":"max-image-preview:large","max-video-preview":"max-video-preview:-1"},"canonical":"https:\/\/wineinthecity.be\/nl\/menu-16-februari-2026\/","og_locale":"nl_NL","og_type":"article","og_title":"Menu 16 f\u00e9vrier 2026","og_description":"Le flagship d\u2019Arthur Sabbe : un menu d\u00e9gustation 5 ou 7 services renouvel\u00e9 chaque mois, avec accords mets et vins, \u00e0 Jette \u2013 Bruxelles.","og_url":"https:\/\/wineinthecity.be\/nl\/menu-16-februari-2026\/","og_site_name":"Wine in the City | Arthur Sabbe","article_modified_time":"2026-03-12T07:45:07+00:00","twitter_card":"summary_large_image","twitter_misc":{"Geschatte leestijd":"3 minuten"},"schema":{"@context":"https:\/\/schema.org","@graph":[{"@type":"WebPage","@id":"https:\/\/wineinthecity.be\/menu-16-fevrier-2026\/","url":"https:\/\/wineinthecity.be\/menu-16-fevrier-2026\/","name":"Gesigneerd gastronomisch menu in Jette - Wine in the City","isPartOf":{"@id":"https:\/\/wineinthecity.be\/#website"},"datePublished":"2026-02-19T07:36:12+00:00","dateModified":"2026-03-12T07:45:07+00:00","description":"Het paradepaardje van Arthur Sabbe: een degustatiemenu van 5 of 7 gangen, met eten en wijn, elke maand vernieuwd, in Jette - Brussel.","breadcrumb":{"@id":"https:\/\/wineinthecity.be\/menu-16-fevrier-2026\/#breadcrumb"},"inLanguage":"nl-NL","potentialAction":[{"@type":"ReadAction","target":["https:\/\/wineinthecity.be\/menu-16-fevrier-2026\/"]}]},{"@type":"BreadcrumbList","@id":"https:\/\/wineinthecity.be\/menu-16-fevrier-2026\/#breadcrumb","itemListElement":[{"@type":"ListItem","position":1,"name":"Accueil","item":"https:\/\/wineinthecity.be\/"},{"@type":"ListItem","position":2,"name":"Menu 16 f\u00e9vrier 2026"}]},{"@type":"WebSite","@id":"https:\/\/wineinthecity.be\/#website","url":"https:\/\/wineinthecity.be\/","name":"Wine in the City | Arthur Sabbe","description":"Gastronomisch Restaurant &amp; Wijnwinkel","publisher":{"@id":"https:\/\/wineinthecity.be\/#organization"},"potentialAction":[{"@type":"SearchAction","target":{"@type":"EntryPoint","urlTemplate":"https:\/\/wineinthecity.be\/?s={search_term_string}"},"query-input":{"@type":"PropertyValueSpecification","valueRequired":true,"valueName":"search_term_string"}}],"inLanguage":"nl-NL"},{"@type":"Organization","@id":"https:\/\/wineinthecity.be\/#organization","name":"Wine in the City SPRL","url":"https:\/\/wineinthecity.be\/","logo":{"@type":"ImageObject","inLanguage":"nl-NL","@id":"https:\/\/wineinthecity.be\/#\/schema\/logo\/image\/","url":"https:\/\/wineinthecity.be\/wp-content\/uploads\/2021\/07\/wine-in-the-city-logo-black-398x300.fw-min.png","contentUrl":"https:\/\/wineinthecity.be\/wp-content\/uploads\/2021\/07\/wine-in-the-city-logo-black-398x300.fw-min.png","width":398,"height":300,"caption":"Wine in the City SPRL"},"image":{"@id":"https:\/\/wineinthecity.be\/#\/schema\/logo\/image\/"}}]}},"_links":{"self":[{"href":"https:\/\/wineinthecity.be\/nl\/wp-json\/wp\/v2\/pages\/10326","targetHints":{"allow":["GET"]}}],"collection":[{"href":"https:\/\/wineinthecity.be\/nl\/wp-json\/wp\/v2\/pages"}],"about":[{"href":"https:\/\/wineinthecity.be\/nl\/wp-json\/wp\/v2\/types\/page"}],"author":[{"embeddable":true,"href":"https:\/\/wineinthecity.be\/nl\/wp-json\/wp\/v2\/users\/8"}],"replies":[{"embeddable":true,"href":"https:\/\/wineinthecity.be\/nl\/wp-json\/wp\/v2\/comments?post=10326"}],"version-history":[{"count":18,"href":"https:\/\/wineinthecity.be\/nl\/wp-json\/wp\/v2\/pages\/10326\/revisions"}],"predecessor-version":[{"id":10400,"href":"https:\/\/wineinthecity.be\/nl\/wp-json\/wp\/v2\/pages\/10326\/revisions\/10400"}],"wp:attachment":[{"href":"https:\/\/wineinthecity.be\/nl\/wp-json\/wp\/v2\/media?parent=10326"}],"curies":[{"name":"wp","href":"https:\/\/api.w.org\/{rel}","templated":true}]}}